{"id":716,"date":"2022-06-17T15:46:51","date_gmt":"2022-06-17T15:46:51","guid":{"rendered":"https:\/\/fr.en.soht.ca\/?page_id=716"},"modified":"2022-10-19T04:47:24","modified_gmt":"2022-10-19T04:47:24","slug":"job-opportunities","status":"publish","type":"page","link":"https:\/\/fr.en.soht.ca\/ta\/get-involved\/job-opportunities\/","title":{"rendered":"Opportunit\u00e9s d&#8217;emploi"},"content":{"rendered":"<div data-elementor-type=\"wp-post\" data-elementor-id=\"716\" class=\"elementor elementor-716\">\n\t\t\t\t\t\t\t\t\t<section class=\"elementor-section elementor-top-section elementor-element elementor-element-7a7016b elementor-section-stretched elementor-section-boxed elementor-section-height-default elementor-section-height-default\" data-id=\"7a7016b\" data-element_type=\"section\" data-settings=\"{&quot;background_background&quot;:&quot;classic&quot;,&quot;stretch_section&quot;:&quot;section-stretched&quot;}\">\n\t\t\t\t\t\t<div class=\"elementor-container elementor-column-gap-default\">\n\t\t\t\t\t<div class=\"elementor-column elementor-col-50 elementor-top-column elementor-element elementor-element-b39e501\" data-id=\"b39e501\" data-element_type=\"column\">\n\t\t\t<div class=\"elementor-widget-wrap elementor-element-populated\">\n\t\t\t\t\t\t\t\t<div class=\"elementor-element elementor-element-8dc3ee8 elementor-widget elementor-widget-heading\" data-id=\"8dc3ee8\" data-element_type=\"widget\" data-widget_type=\"heading.default\">\n\t\t\t\t<div class=\"elementor-widget-container\">\n\t\t\t<style>\/*! elementor - v3.15.0 - 20-08-2023 *\/\n.elementor-heading-title{padding:0;margin:0;line-height:1}.elementor-widget-heading .elementor-heading-title[class*=elementor-size-]>a{color:inherit;font-size:inherit;line-height:inherit}.elementor-widget-heading .elementor-heading-title.elementor-size-small{font-size:15px}.elementor-widget-heading .elementor-heading-title.elementor-size-medium{font-size:19px}.elementor-widget-heading .elementor-heading-title.elementor-size-large{font-size:29px}.elementor-widget-heading .elementor-heading-title.elementor-size-xl{font-size:39px}.elementor-widget-heading .elementor-heading-title.elementor-size-xxl{font-size:59px}<\/style><h2 class=\"elementor-heading-title elementor-size-default\">Opportunit\u00e9s d'emploi<\/h2>\t\t<\/div>\n\t\t\t\t<\/div>\n\t\t\t\t<div class=\"elementor-element elementor-element-6c4988a elementor-widget elementor-widget-text-editor\" data-id=\"6c4988a\" data-element_type=\"widget\" data-widget_type=\"text-editor.default\">\n\t\t\t\t<div class=\"elementor-widget-container\">\n\t\t\t<style>\/*! elementor - v3.15.0 - 20-08-2023 *\/\n.elementor-widget-text-editor.elementor-drop-cap-view-stacked .elementor-drop-cap{background-color:#69727d;color:#fff}.elementor-widget-text-editor.elementor-drop-cap-view-framed .elementor-drop-cap{color:#69727d;border:3px solid;background-color:transparent}.elementor-widget-text-editor:not(.elementor-drop-cap-view-default) .elementor-drop-cap{margin-top:8px}.elementor-widget-text-editor:not(.elementor-drop-cap-view-default) .elementor-drop-cap-letter{width:1em;height:1em}.elementor-widget-text-editor .elementor-drop-cap{float:left;text-align:center;line-height:1;font-size:50px}.elementor-widget-text-editor .elementor-drop-cap-letter{display:inline-block}<\/style>\t\t\t\t<p>\u00c0 venir<\/p>\t\t\t\t\t\t<\/div>\n\t\t\t\t<\/div>\n\t\t\t\t\t<\/div>\n\t\t<\/div>\n\t\t\t\t<div class=\"elementor-column elementor-col-50 elementor-top-column elementor-element elementor-element-bbdebeb\" data-id=\"bbdebeb\" data-element_type=\"column\">\n\t\t\t<div class=\"elementor-widget-wrap elementor-element-populated\">\n\t\t\t\t\t\t\t\t<div class=\"elementor-element elementor-element-c668b62 animated-slow elementor-invisible elementor-widget elementor-widget-image\" data-id=\"c668b62\" data-element_type=\"widget\" data-settings=\"{&quot;_animation&quot;:&quot;fadeIn&quot;}\" data-widget_type=\"image.default\">\n\t\t\t\t<div class=\"elementor-widget-container\">\n\t\t\t<style>\/*! elementor - v3.15.0 - 20-08-2023 *\/\n.elementor-widget-image{text-align:center}.elementor-widget-image a{display:inline-block}.elementor-widget-image a img[src$=\".svg\"]{width:48px}.elementor-widget-image img{vertical-align:middle;display:inline-block}<\/style>\t\t\t\t\t\t\t\t\t\t\t\t<img decoding=\"async\" src=\"https:\/\/fr.en.soht.ca\/wp-content\/uploads\/sites\/7\/2022\/08\/iStock-959889932.jpg\" title=\"\u0bb5\u0bc7\u0bb2\u0bc8 \u0bb5\u0bbe\u0baf\u0bcd\u0baa\u0bcd\u0baa\u0bc1\u0b95\u0bb3\u0bcd\" alt=\"Job Opportunities\" loading=\"lazy\" \/>\t\t\t\t\t\t\t\t\t\t\t\t\t\t\t<\/div>\n\t\t\t\t<\/div>\n\t\t\t\t\t<\/div>\n\t\t<\/div>\n\t\t\t\t\t\t\t<\/div>\n\t\t<\/section>\n\t\t\t\t\t\t\t<\/div>","protected":false},"excerpt":{"rendered":"<p>Opportunit\u00e9s d&#8217;emploi \u00c0 venir<\/p>","protected":false},"author":1,"featured_media":3685,"parent":12,"menu_order":0,"comment_status":"closed","ping_status":"closed","template":"page-templates\/pagebuilder.php","meta":{"footnotes":""},"class_list":["post-716","page","type-page","status-publish","has-post-thumbnail","hentry"],"yoast_head":"<!-- This site is optimized with the Yoast SEO plugin v21.0 - https:\/\/yoast.com\/wordpress\/plugins\/seo\/ -->\n<title>Opportunit\u00e9s d&#039;emploi - Scarborough Ontario Health Network - FR<\/title>\n<meta name=\"robots\" content=\"index, follow, max-snippet:-1, max-image-preview:large, max-video-preview:-1\" \/>\n<link rel=\"canonical\" href=\"https:\/\/fr.en.soht.ca\/ta\/get-involved\/job-opportunities\/\" \/>\n<meta property=\"og:locale\" content=\"ta_IN\" \/>\n<meta property=\"og:type\" content=\"article\" \/>\n<meta property=\"og:title\" content=\"Opportunit\u00e9s d&#039;emploi - Scarborough Ontario Health Network - FR\" \/>\n<meta property=\"og:description\" content=\"Opportunit\u00e9s d&#8217;emploi \u00c0 venir\" \/>\n<meta property=\"og:url\" content=\"https:\/\/fr.en.soht.ca\/ta\/get-involved\/job-opportunities\/\" \/>\n<meta property=\"og:site_name\" content=\"Scarborough Ontario Health Network - FR\" \/>\n<meta property=\"article:modified_time\" content=\"2022-10-19T04:47:24+00:00\" \/>\n<meta property=\"og:image\" content=\"https:\/\/fr.en.soht.ca\/wp-content\/uploads\/sites\/7\/2022\/08\/iStock-959889932.jpg\" \/>\n\t<meta property=\"og:image:width\" content=\"2121\" \/>\n\t<meta property=\"og:image:height\" content=\"1414\" \/>\n\t<meta property=\"og:image:type\" content=\"image\/jpeg\" \/>\n<meta name=\"twitter:card\" content=\"summary_large_image\" \/>\n<meta name=\"twitter:label1\" content=\"Est. reading time\" \/>\n\t<meta name=\"twitter:data1\" content=\"1 minute\" \/>\n<script type=\"application\/ld+json\" class=\"yoast-schema-graph\">{\"@context\":\"https:\/\/schema.org\",\"@graph\":[{\"@type\":\"WebPage\",\"@id\":\"https:\/\/fr.en.soht.ca\/get-involved\/job-opportunities\/\",\"url\":\"https:\/\/fr.en.soht.ca\/get-involved\/job-opportunities\/\",\"name\":\"Opportunit\u00e9s d'emploi - Scarborough Ontario Health Network - FR\",\"isPartOf\":{\"@id\":\"https:\/\/fr.en.soht.ca\/#website\"},\"datePublished\":\"2022-06-17T15:46:51+00:00\",\"dateModified\":\"2022-10-19T04:47:24+00:00\",\"breadcrumb\":{\"@id\":\"https:\/\/fr.en.soht.ca\/get-involved\/job-opportunities\/#breadcrumb\"},\"inLanguage\":\"ta-IN\",\"potentialAction\":[{\"@type\":\"ReadAction\",\"target\":[\"https:\/\/fr.en.soht.ca\/get-involved\/job-opportunities\/\"]}]},{\"@type\":\"BreadcrumbList\",\"@id\":\"https:\/\/fr.en.soht.ca\/get-involved\/job-opportunities\/#breadcrumb\",\"itemListElement\":[{\"@type\":\"ListItem\",\"position\":1,\"name\":\"Home\",\"item\":\"https:\/\/fr.en.soht.ca\/\"},{\"@type\":\"ListItem\",\"position\":2,\"name\":\"S&#8217;impliquer\",\"item\":\"https:\/\/fr.en.soht.ca\/get-involved\/\"},{\"@type\":\"ListItem\",\"position\":3,\"name\":\"Opportunit\u00e9s d&#8217;emploi\"}]},{\"@type\":\"WebSite\",\"@id\":\"https:\/\/fr.en.soht.ca\/#website\",\"url\":\"https:\/\/fr.en.soht.ca\/\",\"name\":\"Scarborough Ontario Health Network - FR\",\"description\":\"\",\"publisher\":{\"@id\":\"https:\/\/fr.en.soht.ca\/#organization\"},\"potentialAction\":[{\"@type\":\"SearchAction\",\"target\":{\"@type\":\"EntryPoint\",\"urlTemplate\":\"https:\/\/fr.en.soht.ca\/?s={search_term_string}\"},\"query-input\":\"required name=search_term_string\"}],\"inLanguage\":\"ta-IN\"},{\"@type\":\"Organization\",\"@id\":\"https:\/\/fr.en.soht.ca\/#organization\",\"name\":\"Scarborough Ontario Health Network - FR\",\"url\":\"https:\/\/fr.en.soht.ca\/\",\"logo\":{\"@type\":\"ImageObject\",\"inLanguage\":\"ta-IN\",\"@id\":\"https:\/\/fr.en.soht.ca\/#\/schema\/logo\/image\/\",\"url\":\"https:\/\/fr.en.soht.ca\/wp-content\/uploads\/sites\/7\/2022\/08\/cropped-SOHT-Horizontal-Logo-RGB7percent-1.png\",\"contentUrl\":\"https:\/\/fr.en.soht.ca\/wp-content\/uploads\/sites\/7\/2022\/08\/cropped-SOHT-Horizontal-Logo-RGB7percent-1.png\",\"width\":3181,\"height\":1037,\"caption\":\"Scarborough Ontario Health Network - FR\"},\"image\":{\"@id\":\"https:\/\/fr.en.soht.ca\/#\/schema\/logo\/image\/\"}}]}<\/script>\n<!-- \/ Yoast SEO plugin. -->","yoast_head_json":{"title":"Opportunit\u00e9s d'emploi - Scarborough Ontario Health Network - FR","robots":{"index":"index","follow":"follow","max-snippet":"max-snippet:-1","max-image-preview":"max-image-preview:large","max-video-preview":"max-video-preview:-1"},"canonical":"https:\/\/fr.en.soht.ca\/ta\/get-involved\/job-opportunities\/","og_locale":"ta_IN","og_type":"article","og_title":"Opportunit\u00e9s d'emploi - Scarborough Ontario Health Network - FR","og_description":"Opportunit\u00e9s d&#8217;emploi \u00c0 venir","og_url":"https:\/\/fr.en.soht.ca\/ta\/get-involved\/job-opportunities\/","og_site_name":"Scarborough Ontario Health Network - FR","article_modified_time":"2022-10-19T04:47:24+00:00","og_image":[{"width":2121,"height":1414,"url":"https:\/\/fr.en.soht.ca\/wp-content\/uploads\/sites\/7\/2022\/08\/iStock-959889932.jpg","type":"image\/jpeg"}],"twitter_card":"summary_large_image","twitter_misc":{"Est. reading time":"1 minute"},"schema":{"@context":"https:\/\/schema.org","@graph":[{"@type":"WebPage","@id":"https:\/\/fr.en.soht.ca\/get-involved\/job-opportunities\/","url":"https:\/\/fr.en.soht.ca\/get-involved\/job-opportunities\/","name":"Opportunit\u00e9s d'emploi - Scarborough Ontario Health Network - FR","isPartOf":{"@id":"https:\/\/fr.en.soht.ca\/#website"},"datePublished":"2022-06-17T15:46:51+00:00","dateModified":"2022-10-19T04:47:24+00:00","breadcrumb":{"@id":"https:\/\/fr.en.soht.ca\/get-involved\/job-opportunities\/#breadcrumb"},"inLanguage":"ta-IN","potentialAction":[{"@type":"ReadAction","target":["https:\/\/fr.en.soht.ca\/get-involved\/job-opportunities\/"]}]},{"@type":"BreadcrumbList","@id":"https:\/\/fr.en.soht.ca\/get-involved\/job-opportunities\/#breadcrumb","itemListElement":[{"@type":"ListItem","position":1,"name":"Home","item":"https:\/\/fr.en.soht.ca\/"},{"@type":"ListItem","position":2,"name":"S&#8217;impliquer","item":"https:\/\/fr.en.soht.ca\/get-involved\/"},{"@type":"ListItem","position":3,"name":"Opportunit\u00e9s d&#8217;emploi"}]},{"@type":"WebSite","@id":"https:\/\/fr.en.soht.ca\/#website","url":"https:\/\/fr.en.soht.ca\/","name":"Scarborough Ontario Health Network - FR","description":"","publisher":{"@id":"https:\/\/fr.en.soht.ca\/#organization"},"potentialAction":[{"@type":"SearchAction","target":{"@type":"EntryPoint","urlTemplate":"https:\/\/fr.en.soht.ca\/?s={search_term_string}"},"query-input":"required name=search_term_string"}],"inLanguage":"ta-IN"},{"@type":"Organization","@id":"https:\/\/fr.en.soht.ca\/#organization","name":"Scarborough Ontario Health Network - FR","url":"https:\/\/fr.en.soht.ca\/","logo":{"@type":"ImageObject","inLanguage":"ta-IN","@id":"https:\/\/fr.en.soht.ca\/#\/schema\/logo\/image\/","url":"https:\/\/fr.en.soht.ca\/wp-content\/uploads\/sites\/7\/2022\/08\/cropped-SOHT-Horizontal-Logo-RGB7percent-1.png","contentUrl":"https:\/\/fr.en.soht.ca\/wp-content\/uploads\/sites\/7\/2022\/08\/cropped-SOHT-Horizontal-Logo-RGB7percent-1.png","width":3181,"height":1037,"caption":"Scarborough Ontario Health Network - FR"},"image":{"@id":"https:\/\/fr.en.soht.ca\/#\/schema\/logo\/image\/"}}]}},"post_mailing_queue_ids":[],"_links":{"self":[{"href":"https:\/\/fr.en.soht.ca\/ta\/wp-json\/wp\/v2\/pages\/716","targetHints":{"allow":["GET"]}}],"collection":[{"href":"https:\/\/fr.en.soht.ca\/ta\/wp-json\/wp\/v2\/pages"}],"about":[{"href":"https:\/\/fr.en.soht.ca\/ta\/wp-json\/wp\/v2\/types\/page"}],"author":[{"embeddable":true,"href":"https:\/\/fr.en.soht.ca\/ta\/wp-json\/wp\/v2\/users\/1"}],"replies":[{"embeddable":true,"href":"https:\/\/fr.en.soht.ca\/ta\/wp-json\/wp\/v2\/comments?post=716"}],"version-history":[{"count":57,"href":"https:\/\/fr.en.soht.ca\/ta\/wp-json\/wp\/v2\/pages\/716\/revisions"}],"predecessor-version":[{"id":3993,"href":"https:\/\/fr.en.soht.ca\/ta\/wp-json\/wp\/v2\/pages\/716\/revisions\/3993"}],"up":[{"embeddable":true,"href":"https:\/\/fr.en.soht.ca\/ta\/wp-json\/wp\/v2\/pages\/12"}],"wp:featuredmedia":[{"embeddable":true,"href":"https:\/\/fr.en.soht.ca\/ta\/wp-json\/wp\/v2\/media\/3685"}],"wp:attachment":[{"href":"https:\/\/fr.en.soht.ca\/ta\/wp-json\/wp\/v2\/media?parent=716"}],"curies":[{"name":"wp","href":"https:\/\/api.w.org\/{rel}","templated":true}]}}