{"id":593,"date":"2022-06-16T17:56:47","date_gmt":"2022-06-16T17:56:47","guid":{"rendered":"https:\/\/fr.en.soht.ca\/?page_id=593"},"modified":"2022-10-18T19:29:01","modified_gmt":"2022-10-18T19:29:01","slug":"our-work","status":"publish","type":"page","link":"https:\/\/fr.en.soht.ca\/ta\/about-us\/our-work\/","title":{"rendered":"Nos travaux"},"content":{"rendered":"<div data-elementor-type=\"wp-post\" data-elementor-id=\"593\" class=\"elementor elementor-593\">\n\t\t\t\t\t\t\t\t\t<section class=\"elementor-section elementor-top-section elementor-element elementor-element-fbb015b elementor-section-stretched elementor-section-boxed elementor-section-height-default elementor-section-height-default\" data-id=\"fbb015b\" data-element_type=\"section\" data-settings=\"{&quot;background_background&quot;:&quot;gradient&quot;,&quot;stretch_section&quot;:&quot;section-stretched&quot;}\">\n\t\t\t\t\t\t<div class=\"elementor-container elementor-column-gap-default\">\n\t\t\t\t\t<div class=\"elementor-column elementor-col-50 elementor-top-column elementor-element elementor-element-227dcc8\" data-id=\"227dcc8\" data-element_type=\"column\">\n\t\t\t<div class=\"elementor-widget-wrap elementor-element-populated\">\n\t\t\t\t\t\t\t\t<div class=\"elementor-element elementor-element-c065383 elementor-widget__width-inherit elementor-widget elementor-widget-heading\" data-id=\"c065383\" data-element_type=\"widget\" data-widget_type=\"heading.default\">\n\t\t\t\t<div class=\"elementor-widget-container\">\n\t\t\t<style>\/*! elementor - v3.15.0 - 20-08-2023 *\/\n.elementor-heading-title{padding:0;margin:0;line-height:1}.elementor-widget-heading .elementor-heading-title[class*=elementor-size-]>a{color:inherit;font-size:inherit;line-height:inherit}.elementor-widget-heading .elementor-heading-title.elementor-size-small{font-size:15px}.elementor-widget-heading .elementor-heading-title.elementor-size-medium{font-size:19px}.elementor-widget-heading .elementor-heading-title.elementor-size-large{font-size:29px}.elementor-widget-heading .elementor-heading-title.elementor-size-xl{font-size:39px}.elementor-widget-heading .elementor-heading-title.elementor-size-xxl{font-size:59px}<\/style><h2 class=\"elementor-heading-title elementor-size-default\">Nos travaux<\/h2>\t\t<\/div>\n\t\t\t\t<\/div>\n\t\t\t\t<div class=\"elementor-element elementor-element-40237b4 elementor-widget elementor-widget-text-editor\" data-id=\"40237b4\" data-element_type=\"widget\" data-widget_type=\"text-editor.default\">\n\t\t\t\t<div class=\"elementor-widget-container\">\n\t\t\t<style>\/*! elementor - v3.15.0 - 20-08-2023 *\/\n.elementor-widget-text-editor.elementor-drop-cap-view-stacked .elementor-drop-cap{background-color:#69727d;color:#fff}.elementor-widget-text-editor.elementor-drop-cap-view-framed .elementor-drop-cap{color:#69727d;border:3px solid;background-color:transparent}.elementor-widget-text-editor:not(.elementor-drop-cap-view-default) .elementor-drop-cap{margin-top:8px}.elementor-widget-text-editor:not(.elementor-drop-cap-view-default) .elementor-drop-cap-letter{width:1em;height:1em}.elementor-widget-text-editor .elementor-drop-cap{float:left;text-align:center;line-height:1;font-size:50px}.elementor-widget-text-editor .elementor-drop-cap-letter{display:inline-block}<\/style>\t\t\t\t<p>C&#8217;est quoi \u00c9SOS<\/p>\t\t\t\t\t\t<\/div>\n\t\t\t\t<\/div>\n\t\t\t\t<div class=\"elementor-element elementor-element-87304e0 elementor-widget elementor-widget-text-editor\" data-id=\"87304e0\" data-element_type=\"widget\" data-widget_type=\"text-editor.default\">\n\t\t\t\t<div class=\"elementor-widget-container\">\n\t\t\t\t\t\t\t<p style=\"font-size: 18px; font-style: normal; font-weight: 400;\">Conform\u00e9ment au mandat de Sant\u00e9 Ontario et du minist\u00e8re de la Sant\u00e9, l&#8217;\u00c9quipe Sant\u00e9 Ontario de Scarborough (\u00c9SOS) est charg\u00e9e de fournir un continuum de soins complet et coordonn\u00e9 aux patients attribu\u00e9s \u00e0 leur \u00c9SO. \u00c9SOS tire parti des relations historiques entre les fournisseurs de soins de sant\u00e9 et de soins communautaires pour continuer \u00e0 collaborer afin de conduire l&#8217;int\u00e9gration du syst\u00e8me \u00e0 travers le continuum de soins.\u00a0<\/p>\t\t\t\t\t\t<\/div>\n\t\t\t\t<\/div>\n\t\t\t\t\t<\/div>\n\t\t<\/div>\n\t\t\t\t<div class=\"elementor-column elementor-col-50 elementor-top-column elementor-element elementor-element-ca9fd41\" data-id=\"ca9fd41\" data-element_type=\"column\">\n\t\t\t<div class=\"elementor-widget-wrap elementor-element-populated\">\n\t\t\t\t\t\t\t\t<div class=\"elementor-element elementor-element-bc4975e animated-slow elementor-invisible elementor-widget elementor-widget-image\" data-id=\"bc4975e\" data-element_type=\"widget\" data-settings=\"{&quot;_animation&quot;:&quot;fadeIn&quot;}\" data-widget_type=\"image.default\">\n\t\t\t\t<div class=\"elementor-widget-container\">\n\t\t\t<style>\/*! elementor - v3.15.0 - 20-08-2023 *\/\n.elementor-widget-image{text-align:center}.elementor-widget-image a{display:inline-block}.elementor-widget-image a img[src$=\".svg\"]{width:48px}.elementor-widget-image img{vertical-align:middle;display:inline-block}<\/style>\t\t\t\t\t\t\t\t\t\t\t\t<img decoding=\"async\" src=\"https:\/\/fr.en.soht.ca\/wp-content\/uploads\/sites\/7\/2022\/08\/iStock-826880894.jpg\" title=\"\u0b8e\u0b99\u0bcd\u0b95\u0bb3\u0bc1\u0b9f\u0bc8\u0baf \u0bb5\u0bc7\u0bb2\u0bc8\" alt=\"Our Work\" loading=\"lazy\" \/>\t\t\t\t\t\t\t\t\t\t\t\t\t\t\t<\/div>\n\t\t\t\t<\/div>\n\t\t\t\t\t<\/div>\n\t\t<\/div>\n\t\t\t\t\t\t\t<\/div>\n\t\t<\/section>\n\t\t\t\t<section class=\"elementor-section elementor-top-section elementor-element elementor-element-ebe5f9e elementor-section-boxed elementor-section-height-default elementor-section-height-default\" data-id=\"ebe5f9e\" data-element_type=\"section\">\n\t\t\t\t\t\t<div class=\"elementor-container elementor-column-gap-default\">\n\t\t\t\t\t<div class=\"elementor-column elementor-col-100 elementor-top-column elementor-element elementor-element-e050549\" data-id=\"e050549\" data-element_type=\"column\">\n\t\t\t<div class=\"elementor-widget-wrap elementor-element-populated\">\n\t\t\t\t\t\t\t\t<div class=\"elementor-element elementor-element-d9a8428 elementor-widget elementor-widget-image\" data-id=\"d9a8428\" data-element_type=\"widget\" data-widget_type=\"image.default\">\n\t\t\t\t<div class=\"elementor-widget-container\">\n\t\t\t\t\t\t\t\t\t\t\t\t\t\t\t<img decoding=\"async\" src=\"https:\/\/fr.en.soht.ca\/wp-content\/uploads\/sites\/7\/elementor\/thumbs\/serve-pwegrxl7otm8ubf93pyts2u3axmijrum925uo0futs.png\" title=\"Who we serve\" alt=\"Who we serve\" loading=\"lazy\" \/>\t\t\t\t\t\t\t\t\t\t\t\t\t\t\t<\/div>\n\t\t\t\t<\/div>\n\t\t\t\t\t<\/div>\n\t\t<\/div>\n\t\t\t\t\t\t\t<\/div>\n\t\t<\/section>\n\t\t\t\t<section class=\"elementor-section elementor-top-section elementor-element elementor-element-7233c0f elementor-section-boxed elementor-section-height-default elementor-section-height-default\" data-id=\"7233c0f\" data-element_type=\"section\">\n\t\t\t\t\t\t<div class=\"elementor-container elementor-column-gap-default\">\n\t\t\t\t\t<div class=\"elementor-column elementor-col-100 elementor-top-column elementor-element elementor-element-3e95863\" data-id=\"3e95863\" data-element_type=\"column\">\n\t\t\t<div class=\"elementor-widget-wrap elementor-element-populated\">\n\t\t\t\t\t\t\t\t<div class=\"elementor-element elementor-element-9b52273 elementor-widget elementor-widget-heading\" data-id=\"9b52273\" data-element_type=\"widget\" data-widget_type=\"heading.default\">\n\t\t\t\t<div class=\"elementor-widget-container\">\n\t\t\t<h2 class=\"elementor-heading-title elementor-size-default\">Qui nous deservons<\/h2>\t\t<\/div>\n\t\t\t\t<\/div>\n\t\t\t\t\t<\/div>\n\t\t<\/div>\n\t\t\t\t\t\t\t<\/div>\n\t\t<\/section>\n\t\t\t\t<section class=\"elementor-section elementor-top-section elementor-element elementor-element-1ebacaf elementor-section-boxed elementor-section-height-default elementor-section-height-default\" data-id=\"1ebacaf\" data-element_type=\"section\">\n\t\t\t\t\t\t<div class=\"elementor-container elementor-column-gap-default\">\n\t\t\t\t\t<div class=\"elementor-column elementor-col-100 elementor-top-column elementor-element elementor-element-b076086\" data-id=\"b076086\" data-element_type=\"column\">\n\t\t\t<div class=\"elementor-widget-wrap elementor-element-populated\">\n\t\t\t\t\t\t\t\t<div class=\"elementor-element elementor-element-6f0a93c elementor-widget elementor-widget-text-editor\" data-id=\"6f0a93c\" data-element_type=\"widget\" data-widget_type=\"text-editor.default\">\n\t\t\t\t<div class=\"elementor-widget-container\">\n\t\t\t\t\t\t\t<p>La population de l&#8217;ann\u00e9e 1 de SOHT est constitu\u00e9e de personnes \u00e2g\u00e9es fragiles vivant avec des probl\u00e8mes de sant\u00e9 mentale et\/ou de toxicomanie et de multiples conditions chroniques. Ces conditions se pr\u00e9sentent souvent en tandem, le degr\u00e9 de fragilit\u00e9 d&#8217;une personne \u00e9tant souvent li\u00e9 de mani\u00e8re inexplicable aux conditions chroniques et aux probl\u00e8mes de sant\u00e9 mentale et\/ou de d\u00e9pendance.<\/p>\t\t\t\t\t\t<\/div>\n\t\t\t\t<\/div>\n\t\t\t\t\t<\/div>\n\t\t<\/div>\n\t\t\t\t\t\t\t<\/div>\n\t\t<\/section>\n\t\t\t\t<section class=\"elementor-section elementor-top-section elementor-element elementor-element-44d42fd elementor-section-stretched elementor-section-boxed elementor-section-height-default elementor-section-height-default\" data-id=\"44d42fd\" data-element_type=\"section\" data-settings=\"{&quot;stretch_section&quot;:&quot;section-stretched&quot;,&quot;background_background&quot;:&quot;classic&quot;}\">\n\t\t\t\t\t\t<div class=\"elementor-container elementor-column-gap-default\">\n\t\t\t\t\t<div class=\"elementor-column elementor-col-100 elementor-top-column elementor-element elementor-element-0b5d3c7\" data-id=\"0b5d3c7\" data-element_type=\"column\">\n\t\t\t<div class=\"elementor-widget-wrap elementor-element-populated\">\n\t\t\t\t\t\t\t\t<div class=\"elementor-element elementor-element-9b1475a elementor-widget elementor-widget-heading\" data-id=\"9b1475a\" data-element_type=\"widget\" data-widget_type=\"heading.default\">\n\t\t\t\t<div class=\"elementor-widget-container\">\n\t\t\t<h2 class=\"elementor-heading-title elementor-size-default\">Qu'avons-nous fait<\/h2>\t\t<\/div>\n\t\t\t\t<\/div>\n\t\t\t\t\t<\/div>\n\t\t<\/div>\n\t\t\t\t\t\t\t<\/div>\n\t\t<\/section>\n\t\t\t\t<section class=\"elementor-section elementor-top-section elementor-element elementor-element-de07dfc elementor-section-stretched elementor-section-boxed elementor-section-height-default elementor-section-height-default\" data-id=\"de07dfc\" data-element_type=\"section\" data-settings=\"{&quot;stretch_section&quot;:&quot;section-stretched&quot;,&quot;background_background&quot;:&quot;classic&quot;}\">\n\t\t\t\t\t\t<div class=\"elementor-container elementor-column-gap-default\">\n\t\t\t\t\t<div class=\"elementor-column elementor-col-100 elementor-top-column elementor-element elementor-element-5c5a101\" data-id=\"5c5a101\" data-element_type=\"column\">\n\t\t\t<div class=\"elementor-widget-wrap elementor-element-populated\">\n\t\t\t\t\t\t\t\t<div class=\"elementor-element elementor-element-7d7c97f elementor-widget elementor-widget-text-editor\" data-id=\"7d7c97f\" data-element_type=\"widget\" data-widget_type=\"text-editor.default\">\n\t\t\t\t<div class=\"elementor-widget-container\">\n\t\t\t\t\t\t\t<p style=\"font-size: 18px; font-style: normal; font-weight: 400;\">En r\u00e9pondant \u00e0 la pand\u00e9mie du COVID-19<\/p><ul><li>Les organismes de services communautaires de Scarborough ont collabor\u00e9 et ont cr\u00e9\u00e9 une ligne d&#8217;information centralis\u00e9e pour l&#8217;aiguillage des fournisseurs et des r\u00e9sidents de Scarborough.<\/li><li>Nous avons fourni des tests, des \u00e9valuations de la s\u00e9curit\u00e9 et une formation \u00e0 tous les foyers de soins de longue dur\u00e9e, aux maisons de retraite, aux \u00e9tablissements de vie assist\u00e9e et aux espaces publics dans les quartiers \u00e0 haut risque.<\/li><li>Un soutien au transport a \u00e9t\u00e9 fourni aux \u00e9quipes hospitali\u00e8res. Lancement d&#8217;un nouveau programme intitul\u00e9 &#8220;Safe and Warm in Scarborough&#8221; &#8211; une r\u00e9ponse collaborative \u00e0 la saison de la grippe, en analysant les donn\u00e9es pour identifier les quartiers \u00e0 haut risque o\u00f9 les partenaires pourraient offrir des cliniques de grippe suppl\u00e9mentaires.<\/li><li>Plusieurs centres d&#8217;\u00e9valuation COVID-19 ont \u00e9t\u00e9 mis en place pour offrir des services de d\u00e9pistage dans les zones \u00e0 haut risque, y compris des tests pour les r\u00e9sidents et le personnel de toutes les maisons de soins de longue dur\u00e9e, de plusieurs maisons de retraite, des r\u00e9sidences assist\u00e9es et des \u00e9tablissements de soins collectifs, ainsi que des cliniques de d\u00e9pistage communautaires dans les quartiers cibles.<\/li><li>PROTECH (Pandemic Rapid-response Optimization to Enhance Community-Resilience and Health) : un projet d&#8217;action communautaire d&#8217;intervention rapide qui est une ressource en ligne et un centre de formation, soutenu par le gouvernement du Canada).<\/li><\/ul><p style=\"font-size: 18px; font-style: normal; font-weight: 400;\">Pour notre population de ann\u00e9e un<\/p><ul><li>GAIN : 2 \u00e9quipes hospitali\u00e8res et 2 \u00e9quipes communautaires collaborant dans le cadre d&#8217;un mod\u00e8le de soins standardis\u00e9, offrant des services d&#8217;orientation, d&#8217;aiguillage et d&#8217;intervention aux personnes souffrant de fragilit\u00e9 li\u00e9e \u00e0 l&#8217;\u00e2ge.<\/li><li>PCCT : un partenariat intersectoriel comprenant les soins de longue dur\u00e9e, l&#8217;espoir et les fournisseurs de soins \u00e0 domicile et communautaires, qui s&#8217;appuie sur les services d&#8217;hospice communautaires existants pour inclure la navigation dans le syst\u00e8me palliatif avec des infirmi\u00e8res expertes, un service de garde 24 heures sur 24 et 7 jours sur 7, des consultations sur la gestion de la douleur et des sympt\u00f4mes, des conseils psychosociaux et spirituels, et le recrutement de m\u00e9decins palliatifs communautaires pour devenir la plaque tournante des soins palliatifs.<\/li><li>Programme &#8220;Assess and Restore&#8221; : pour la physioth\u00e9rapie et l&#8217;ergoth\u00e9rapie des personnes \u00e2g\u00e9es apr\u00e8s leur sortie de l&#8217;h\u00f4pital.<\/li><li>Partenariat de l&#8217;h\u00f4pital et de la communaut\u00e9 de soins aux personnes \u00e2g\u00e9es avec l&#8217;Universit\u00e9 McMaster pour une recherche sur les interventions communautaires dans le domaine du diab\u00e8te chez les personnes \u00e2g\u00e9es.<\/li><li>Fourniture de programmes de lutte contre la toxicomanie pour les adultes et les personnes \u00e2g\u00e9es, comprenant un logement avec services de soutien, la gestion de cas et le conseil, la consultation d&#8217;un psychiatre g\u00e9riatrique et l&#8217;\u00e9change de connaissances avec un groupe local.<\/li><li>Am\u00e9lioration de la prestation de services et des r\u00e9sultats pour les personnes souffrant de l\u00e9sions c\u00e9r\u00e9brales acquises (LCA) \u00e0 Scarborough.<\/li><li>Transformation de SCOPE : Am\u00e9lioration de SCOPE \u00e0 Scarborough pour renforcer le soutien interprofessionnel des fournisseurs de soins primaires par le biais d&#8217;un point d&#8217;acc\u00e8s unique.<\/li><li>Programme de partenariat de Lawrence East : Services de type &#8221; hub &#8221; dans les b\u00e2timents du TCHC, offrant aux r\u00e9sidents des services de gestion de cas, de soins infirmiers, d&#8217;aide au logement, de soutien par les travailleurs sociaux et de soutien par les pairs.<\/li><li>Mise en place de la ligne centrale d&#8217;intervention COVID-19 pour les services de soutien communautaire.<\/li><li>Les cliniques m\u00e9dicales ont \u00e9t\u00e9 remplac\u00e9es par des rendez-vous virtuels et t\u00e9l\u00e9phoniques, principalement pour les personnes sortant des urgences ou des unit\u00e9s d&#8217;hospitalisation, les personnes orient\u00e9es par la communaut\u00e9 (m\u00e9decins g\u00e9n\u00e9ralistes) et les foyers de soins de longue dur\u00e9e.<\/li><\/ul>\t\t\t\t\t\t<\/div>\n\t\t\t\t<\/div>\n\t\t\t\t\t<\/div>\n\t\t<\/div>\n\t\t\t\t\t\t\t<\/div>\n\t\t<\/section>\n\t\t\t\t\t\t\t<\/div>","protected":false},"excerpt":{"rendered":"<p>Nos travaux C&#8217;est quoi \u00c9SOS Conform\u00e9ment au mandat de Sant\u00e9 Ontario et du minist\u00e8re de la Sant\u00e9, l&#8217;\u00c9quipe Sant\u00e9 Ontario de Scarborough (\u00c9SOS) est charg\u00e9e de fournir un continuum de soins complet et coordonn\u00e9 aux patients attribu\u00e9s \u00e0 leur \u00c9SO. \u00c9SOS tire parti des relations historiques entre les fournisseurs de soins de sant\u00e9 et de [&hellip;]<\/p>","protected":false},"author":1,"featured_media":3664,"parent":18,"menu_order":0,"comment_status":"closed","ping_status":"closed","template":"page-templates\/pagebuilder.php","meta":{"footnotes":""},"class_list":["post-593","page","type-page","status-publish","has-post-thumbnail","hentry"],"yoast_head":"<!-- This site is optimized with the Yoast SEO plugin v21.0 - https:\/\/yoast.com\/wordpress\/plugins\/seo\/ -->\n<title>Nos travaux - Scarborough Ontario Health Network - FR<\/title>\n<meta name=\"robots\" content=\"index, follow, max-snippet:-1, max-image-preview:large, max-video-preview:-1\" \/>\n<link rel=\"canonical\" href=\"https:\/\/fr.en.soht.ca\/ta\/about-us\/our-work\/\" \/>\n<meta property=\"og:locale\" content=\"ta_IN\" \/>\n<meta property=\"og:type\" content=\"article\" \/>\n<meta property=\"og:title\" content=\"Nos travaux - Scarborough Ontario Health Network - FR\" \/>\n<meta property=\"og:description\" content=\"Nos travaux C&#8217;est quoi \u00c9SOS Conform\u00e9ment au mandat de Sant\u00e9 Ontario et du minist\u00e8re de la Sant\u00e9, l&#8217;\u00c9quipe Sant\u00e9 Ontario de Scarborough (\u00c9SOS) est charg\u00e9e de fournir un continuum de soins complet et coordonn\u00e9 aux patients attribu\u00e9s \u00e0 leur \u00c9SO. \u00c9SOS tire parti des relations historiques entre les fournisseurs de soins de sant\u00e9 et de [&hellip;]\" \/>\n<meta property=\"og:url\" content=\"https:\/\/fr.en.soht.ca\/ta\/about-us\/our-work\/\" \/>\n<meta property=\"og:site_name\" content=\"Scarborough Ontario Health Network - FR\" \/>\n<meta property=\"article:modified_time\" content=\"2022-10-18T19:29:01+00:00\" \/>\n<meta property=\"og:image\" content=\"https:\/\/fr.en.soht.ca\/wp-content\/uploads\/sites\/7\/2022\/08\/iStock-826880894.jpg\" \/>\n\t<meta property=\"og:image:width\" content=\"2121\" \/>\n\t<meta property=\"og:image:height\" content=\"1414\" \/>\n\t<meta property=\"og:image:type\" content=\"image\/jpeg\" \/>\n<meta name=\"twitter:card\" content=\"summary_large_image\" \/>\n<meta name=\"twitter:label1\" content=\"Est. reading time\" \/>\n\t<meta name=\"twitter:data1\" content=\"4 minutes\" \/>\n<script type=\"application\/ld+json\" class=\"yoast-schema-graph\">{\"@context\":\"https:\/\/schema.org\",\"@graph\":[{\"@type\":\"WebPage\",\"@id\":\"https:\/\/fr.en.soht.ca\/about-us\/our-work\/\",\"url\":\"https:\/\/fr.en.soht.ca\/about-us\/our-work\/\",\"name\":\"Nos travaux - Scarborough Ontario Health Network - FR\",\"isPartOf\":{\"@id\":\"https:\/\/fr.en.soht.ca\/#website\"},\"datePublished\":\"2022-06-16T17:56:47+00:00\",\"dateModified\":\"2022-10-18T19:29:01+00:00\",\"breadcrumb\":{\"@id\":\"https:\/\/fr.en.soht.ca\/about-us\/our-work\/#breadcrumb\"},\"inLanguage\":\"ta-IN\",\"potentialAction\":[{\"@type\":\"ReadAction\",\"target\":[\"https:\/\/fr.en.soht.ca\/about-us\/our-work\/\"]}]},{\"@type\":\"BreadcrumbList\",\"@id\":\"https:\/\/fr.en.soht.ca\/about-us\/our-work\/#breadcrumb\",\"itemListElement\":[{\"@type\":\"ListItem\",\"position\":1,\"name\":\"Home\",\"item\":\"https:\/\/fr.en.soht.ca\/\"},{\"@type\":\"ListItem\",\"position\":2,\"name\":\"\u00c0 propos de nous\",\"item\":\"https:\/\/fr.en.soht.ca\/about-us\/\"},{\"@type\":\"ListItem\",\"position\":3,\"name\":\"Nos travaux\"}]},{\"@type\":\"WebSite\",\"@id\":\"https:\/\/fr.en.soht.ca\/#website\",\"url\":\"https:\/\/fr.en.soht.ca\/\",\"name\":\"Scarborough Ontario Health Network - FR\",\"description\":\"\",\"publisher\":{\"@id\":\"https:\/\/fr.en.soht.ca\/#organization\"},\"potentialAction\":[{\"@type\":\"SearchAction\",\"target\":{\"@type\":\"EntryPoint\",\"urlTemplate\":\"https:\/\/fr.en.soht.ca\/?s={search_term_string}\"},\"query-input\":\"required name=search_term_string\"}],\"inLanguage\":\"ta-IN\"},{\"@type\":\"Organization\",\"@id\":\"https:\/\/fr.en.soht.ca\/#organization\",\"name\":\"Scarborough Ontario Health Network - FR\",\"url\":\"https:\/\/fr.en.soht.ca\/\",\"logo\":{\"@type\":\"ImageObject\",\"inLanguage\":\"ta-IN\",\"@id\":\"https:\/\/fr.en.soht.ca\/#\/schema\/logo\/image\/\",\"url\":\"https:\/\/fr.en.soht.ca\/wp-content\/uploads\/sites\/7\/2022\/08\/cropped-SOHT-Horizontal-Logo-RGB7percent-1.png\",\"contentUrl\":\"https:\/\/fr.en.soht.ca\/wp-content\/uploads\/sites\/7\/2022\/08\/cropped-SOHT-Horizontal-Logo-RGB7percent-1.png\",\"width\":3181,\"height\":1037,\"caption\":\"Scarborough Ontario Health Network - FR\"},\"image\":{\"@id\":\"https:\/\/fr.en.soht.ca\/#\/schema\/logo\/image\/\"}}]}<\/script>\n<!-- \/ Yoast SEO plugin. -->","yoast_head_json":{"title":"Nos travaux - Scarborough Ontario Health Network - FR","robots":{"index":"index","follow":"follow","max-snippet":"max-snippet:-1","max-image-preview":"max-image-preview:large","max-video-preview":"max-video-preview:-1"},"canonical":"https:\/\/fr.en.soht.ca\/ta\/about-us\/our-work\/","og_locale":"ta_IN","og_type":"article","og_title":"Nos travaux - Scarborough Ontario Health Network - FR","og_description":"Nos travaux C&#8217;est quoi \u00c9SOS Conform\u00e9ment au mandat de Sant\u00e9 Ontario et du minist\u00e8re de la Sant\u00e9, l&#8217;\u00c9quipe Sant\u00e9 Ontario de Scarborough (\u00c9SOS) est charg\u00e9e de fournir un continuum de soins complet et coordonn\u00e9 aux patients attribu\u00e9s \u00e0 leur \u00c9SO. \u00c9SOS tire parti des relations historiques entre les fournisseurs de soins de sant\u00e9 et de [&hellip;]","og_url":"https:\/\/fr.en.soht.ca\/ta\/about-us\/our-work\/","og_site_name":"Scarborough Ontario Health Network - FR","article_modified_time":"2022-10-18T19:29:01+00:00","og_image":[{"width":2121,"height":1414,"url":"https:\/\/fr.en.soht.ca\/wp-content\/uploads\/sites\/7\/2022\/08\/iStock-826880894.jpg","type":"image\/jpeg"}],"twitter_card":"summary_large_image","twitter_misc":{"Est. reading time":"4 minutes"},"schema":{"@context":"https:\/\/schema.org","@graph":[{"@type":"WebPage","@id":"https:\/\/fr.en.soht.ca\/about-us\/our-work\/","url":"https:\/\/fr.en.soht.ca\/about-us\/our-work\/","name":"Nos travaux - Scarborough Ontario Health Network - FR","isPartOf":{"@id":"https:\/\/fr.en.soht.ca\/#website"},"datePublished":"2022-06-16T17:56:47+00:00","dateModified":"2022-10-18T19:29:01+00:00","breadcrumb":{"@id":"https:\/\/fr.en.soht.ca\/about-us\/our-work\/#breadcrumb"},"inLanguage":"ta-IN","potentialAction":[{"@type":"ReadAction","target":["https:\/\/fr.en.soht.ca\/about-us\/our-work\/"]}]},{"@type":"BreadcrumbList","@id":"https:\/\/fr.en.soht.ca\/about-us\/our-work\/#breadcrumb","itemListElement":[{"@type":"ListItem","position":1,"name":"Home","item":"https:\/\/fr.en.soht.ca\/"},{"@type":"ListItem","position":2,"name":"\u00c0 propos de nous","item":"https:\/\/fr.en.soht.ca\/about-us\/"},{"@type":"ListItem","position":3,"name":"Nos travaux"}]},{"@type":"WebSite","@id":"https:\/\/fr.en.soht.ca\/#website","url":"https:\/\/fr.en.soht.ca\/","name":"Scarborough Ontario Health Network - FR","description":"","publisher":{"@id":"https:\/\/fr.en.soht.ca\/#organization"},"potentialAction":[{"@type":"SearchAction","target":{"@type":"EntryPoint","urlTemplate":"https:\/\/fr.en.soht.ca\/?s={search_term_string}"},"query-input":"required name=search_term_string"}],"inLanguage":"ta-IN"},{"@type":"Organization","@id":"https:\/\/fr.en.soht.ca\/#organization","name":"Scarborough Ontario Health Network - FR","url":"https:\/\/fr.en.soht.ca\/","logo":{"@type":"ImageObject","inLanguage":"ta-IN","@id":"https:\/\/fr.en.soht.ca\/#\/schema\/logo\/image\/","url":"https:\/\/fr.en.soht.ca\/wp-content\/uploads\/sites\/7\/2022\/08\/cropped-SOHT-Horizontal-Logo-RGB7percent-1.png","contentUrl":"https:\/\/fr.en.soht.ca\/wp-content\/uploads\/sites\/7\/2022\/08\/cropped-SOHT-Horizontal-Logo-RGB7percent-1.png","width":3181,"height":1037,"caption":"Scarborough Ontario Health Network - FR"},"image":{"@id":"https:\/\/fr.en.soht.ca\/#\/schema\/logo\/image\/"}}]}},"post_mailing_queue_ids":[],"_links":{"self":[{"href":"https:\/\/fr.en.soht.ca\/ta\/wp-json\/wp\/v2\/pages\/593","targetHints":{"allow":["GET"]}}],"collection":[{"href":"https:\/\/fr.en.soht.ca\/ta\/wp-json\/wp\/v2\/pages"}],"about":[{"href":"https:\/\/fr.en.soht.ca\/ta\/wp-json\/wp\/v2\/types\/page"}],"author":[{"embeddable":true,"href":"https:\/\/fr.en.soht.ca\/ta\/wp-json\/wp\/v2\/users\/1"}],"replies":[{"embeddable":true,"href":"https:\/\/fr.en.soht.ca\/ta\/wp-json\/wp\/v2\/comments?post=593"}],"version-history":[{"count":126,"href":"https:\/\/fr.en.soht.ca\/ta\/wp-json\/wp\/v2\/pages\/593\/revisions"}],"predecessor-version":[{"id":3946,"href":"https:\/\/fr.en.soht.ca\/ta\/wp-json\/wp\/v2\/pages\/593\/revisions\/3946"}],"up":[{"embeddable":true,"href":"https:\/\/fr.en.soht.ca\/ta\/wp-json\/wp\/v2\/pages\/18"}],"wp:featuredmedia":[{"embeddable":true,"href":"https:\/\/fr.en.soht.ca\/ta\/wp-json\/wp\/v2\/media\/3664"}],"wp:attachment":[{"href":"https:\/\/fr.en.soht.ca\/ta\/wp-json\/wp\/v2\/media?parent=593"}],"curies":[{"name":"wp","href":"https:\/\/api.w.org\/{rel}","templated":true}]}}