{"id":1975,"date":"2022-08-05T01:21:22","date_gmt":"2022-08-05T01:21:22","guid":{"rendered":"https:\/\/fr.en.soht.ca\/?page_id=1975"},"modified":"2022-10-18T18:34:57","modified_gmt":"2022-10-18T18:34:57","slug":"our-strategy","status":"publish","type":"page","link":"https:\/\/fr.en.soht.ca\/ta\/about-us\/our-strategy\/","title":{"rendered":"Notre strat\u00e9gie"},"content":{"rendered":"<div data-elementor-type=\"wp-post\" data-elementor-id=\"1975\" class=\"elementor elementor-1975\">\n\t\t\t\t\t\t\t\t\t<section class=\"elementor-section elementor-top-section elementor-element elementor-element-9348202 elementor-section-stretched elementor-section-boxed elementor-section-height-default elementor-section-height-default\" data-id=\"9348202\" data-element_type=\"section\" data-settings=\"{&quot;background_background&quot;:&quot;gradient&quot;,&quot;stretch_section&quot;:&quot;section-stretched&quot;}\">\n\t\t\t\t\t\t<div class=\"elementor-container elementor-column-gap-default\">\n\t\t\t\t\t<div class=\"elementor-column elementor-col-50 elementor-top-column elementor-element elementor-element-023855b\" data-id=\"023855b\" data-element_type=\"column\">\n\t\t\t<div class=\"elementor-widget-wrap elementor-element-populated\">\n\t\t\t\t\t\t\t\t<div class=\"elementor-element elementor-element-0d42f91 elementor-widget elementor-widget-heading\" data-id=\"0d42f91\" data-element_type=\"widget\" data-widget_type=\"heading.default\">\n\t\t\t\t<div class=\"elementor-widget-container\">\n\t\t\t<style>\/*! elementor - v3.15.0 - 20-08-2023 *\/\n.elementor-heading-title{padding:0;margin:0;line-height:1}.elementor-widget-heading .elementor-heading-title[class*=elementor-size-]>a{color:inherit;font-size:inherit;line-height:inherit}.elementor-widget-heading .elementor-heading-title.elementor-size-small{font-size:15px}.elementor-widget-heading .elementor-heading-title.elementor-size-medium{font-size:19px}.elementor-widget-heading .elementor-heading-title.elementor-size-large{font-size:29px}.elementor-widget-heading .elementor-heading-title.elementor-size-xl{font-size:39px}.elementor-widget-heading .elementor-heading-title.elementor-size-xxl{font-size:59px}<\/style><h2 class=\"elementor-heading-title elementor-size-default\">Notre strat\u00e9gie<\/h2>\t\t<\/div>\n\t\t\t\t<\/div>\n\t\t\t\t<div class=\"elementor-element elementor-element-4499e2d elementor-widget elementor-widget-text-editor\" data-id=\"4499e2d\" data-element_type=\"widget\" data-widget_type=\"text-editor.default\">\n\t\t\t\t<div class=\"elementor-widget-container\">\n\t\t\t<style>\/*! elementor - v3.15.0 - 20-08-2023 *\/\n.elementor-widget-text-editor.elementor-drop-cap-view-stacked .elementor-drop-cap{background-color:#69727d;color:#fff}.elementor-widget-text-editor.elementor-drop-cap-view-framed .elementor-drop-cap{color:#69727d;border:3px solid;background-color:transparent}.elementor-widget-text-editor:not(.elementor-drop-cap-view-default) .elementor-drop-cap{margin-top:8px}.elementor-widget-text-editor:not(.elementor-drop-cap-view-default) .elementor-drop-cap-letter{width:1em;height:1em}.elementor-widget-text-editor .elementor-drop-cap{float:left;text-align:center;line-height:1;font-size:50px}.elementor-widget-text-editor .elementor-drop-cap-letter{display:inline-block}<\/style>\t\t\t\tLorsque l&#8217;\u00c9quipe Sant\u00e9 Ontario de Scarborough continue de collaborer \u00e0 la refonte des soins int\u00e9gr\u00e9s \u00e0 Scarborough, nous sommes fiers de partager notre plan strat\u00e9gique 2022\/23.\n\nLe plan strat\u00e9gique de l&#8217;\u00c9SOS se concentre sur trois domaines principaux de d\u00e9veloppement, notamment la poursuite de l&#8217;int\u00e9gration du syst\u00e8me, l&#8217;avancement de nos op\u00e9rations en tant qu&#8217;\u00e9quipe sant\u00e9 Ontario et notre priorit\u00e9 #ScarboroughStrong, qui consiste \u00e0 travailler avec notre communaut\u00e9 de Scarborough pour fa\u00e7onner l&#8217;avenir de la prestation des soins de sant\u00e9 dans nos communaut\u00e9s.\n\nCliquez-ici pour voir notre\n<a style=\"color: #ffffff;\" href=\"\/wp-content\/uploads\/2022\/08\/SOHT-Strategic-Priorities-2022-23-FINAL-July-2022.pdf\" target=\"_blank\" rel=\"noopener\">plan strat\u00e9gique complet<\/a><span style=\"font-style: inherit; font-weight: inherit; background-color: transparent;\">.<\/span>\t\t\t\t\t\t<\/div>\n\t\t\t\t<\/div>\n\t\t\t\t\t<\/div>\n\t\t<\/div>\n\t\t\t\t<div class=\"elementor-column elementor-col-50 elementor-top-column elementor-element elementor-element-568f5ac\" data-id=\"568f5ac\" data-element_type=\"column\">\n\t\t\t<div class=\"elementor-widget-wrap elementor-element-populated\">\n\t\t\t\t\t\t\t\t<div class=\"elementor-element elementor-element-e1be1f4 animated-slow elementor-invisible elementor-widget elementor-widget-image\" data-id=\"e1be1f4\" data-element_type=\"widget\" data-settings=\"{&quot;_animation&quot;:&quot;fadeIn&quot;}\" data-widget_type=\"image.default\">\n\t\t\t\t<div class=\"elementor-widget-container\">\n\t\t\t<style>\/*! elementor - v3.15.0 - 20-08-2023 *\/\n.elementor-widget-image{text-align:center}.elementor-widget-image a{display:inline-block}.elementor-widget-image a img[src$=\".svg\"]{width:48px}.elementor-widget-image img{vertical-align:middle;display:inline-block}<\/style>\t\t\t\t\t\t\t\t\t\t\t\t<img decoding=\"async\" src=\"https:\/\/fr.en.soht.ca\/wp-content\/uploads\/sites\/7\/2022\/08\/iStock-936129188-smaller-scaled.jpg\" title=\"Our Strategy\" alt=\"Our Strategy\" loading=\"lazy\" \/>\t\t\t\t\t\t\t\t\t\t\t\t\t\t\t<\/div>\n\t\t\t\t<\/div>\n\t\t\t\t\t<\/div>\n\t\t<\/div>\n\t\t\t\t\t\t\t<\/div>\n\t\t<\/section>\n\t\t\t\t\t\t\t<\/div>","protected":false},"excerpt":{"rendered":"<p>Notre strat\u00e9gie Lorsque l&#8217;\u00c9quipe Sant\u00e9 Ontario de Scarborough continue de collaborer \u00e0 la refonte des soins int\u00e9gr\u00e9s \u00e0 Scarborough, nous sommes fiers de partager notre plan strat\u00e9gique 2022\/23. Le plan strat\u00e9gique de l&#8217;\u00c9SOS se concentre sur trois domaines principaux de d\u00e9veloppement, notamment la poursuite de l&#8217;int\u00e9gration du syst\u00e8me, l&#8217;avancement de nos op\u00e9rations en tant qu&#8217;\u00e9quipe [&hellip;]<\/p>","protected":false},"author":1,"featured_media":3660,"parent":18,"menu_order":0,"comment_status":"closed","ping_status":"closed","template":"page-templates\/pagebuilder.php","meta":{"footnotes":""},"class_list":["post-1975","page","type-page","status-publish","has-post-thumbnail","hentry"],"yoast_head":"<!-- This site is optimized with the Yoast SEO plugin v21.0 - https:\/\/yoast.com\/wordpress\/plugins\/seo\/ -->\n<title>Notre strat\u00e9gie - Scarborough Ontario Health Network - FR<\/title>\n<meta name=\"robots\" content=\"index, follow, max-snippet:-1, max-image-preview:large, max-video-preview:-1\" \/>\n<link rel=\"canonical\" href=\"https:\/\/fr.en.soht.ca\/ta\/about-us\/our-strategy\/\" \/>\n<meta property=\"og:locale\" content=\"ta_IN\" \/>\n<meta property=\"og:type\" content=\"article\" \/>\n<meta property=\"og:title\" content=\"Notre strat\u00e9gie - Scarborough Ontario Health Network - FR\" \/>\n<meta property=\"og:description\" content=\"Notre strat\u00e9gie Lorsque l&#8217;\u00c9quipe Sant\u00e9 Ontario de Scarborough continue de collaborer \u00e0 la refonte des soins int\u00e9gr\u00e9s \u00e0 Scarborough, nous sommes fiers de partager notre plan strat\u00e9gique 2022\/23. Le plan strat\u00e9gique de l&#8217;\u00c9SOS se concentre sur trois domaines principaux de d\u00e9veloppement, notamment la poursuite de l&#8217;int\u00e9gration du syst\u00e8me, l&#8217;avancement de nos op\u00e9rations en tant qu&#8217;\u00e9quipe [&hellip;]\" \/>\n<meta property=\"og:url\" content=\"https:\/\/fr.en.soht.ca\/ta\/about-us\/our-strategy\/\" \/>\n<meta property=\"og:site_name\" content=\"Scarborough Ontario Health Network - FR\" \/>\n<meta property=\"article:modified_time\" content=\"2022-10-18T18:34:57+00:00\" \/>\n<meta property=\"og:image\" content=\"https:\/\/fr.en.soht.ca\/wp-content\/uploads\/sites\/7\/2022\/08\/iStock-936129188-smaller-scaled.jpg\" \/>\n\t<meta property=\"og:image:width\" content=\"2560\" \/>\n\t<meta property=\"og:image:height\" content=\"1706\" \/>\n\t<meta property=\"og:image:type\" content=\"image\/jpeg\" \/>\n<meta name=\"twitter:card\" content=\"summary_large_image\" \/>\n<meta name=\"twitter:label1\" content=\"Est. reading time\" \/>\n\t<meta name=\"twitter:data1\" content=\"1 minute\" \/>\n<script type=\"application\/ld+json\" class=\"yoast-schema-graph\">{\"@context\":\"https:\/\/schema.org\",\"@graph\":[{\"@type\":\"WebPage\",\"@id\":\"https:\/\/fr.en.soht.ca\/about-us\/our-strategy\/\",\"url\":\"https:\/\/fr.en.soht.ca\/about-us\/our-strategy\/\",\"name\":\"Notre strat\u00e9gie - Scarborough Ontario Health Network - FR\",\"isPartOf\":{\"@id\":\"https:\/\/fr.en.soht.ca\/#website\"},\"datePublished\":\"2022-08-05T01:21:22+00:00\",\"dateModified\":\"2022-10-18T18:34:57+00:00\",\"breadcrumb\":{\"@id\":\"https:\/\/fr.en.soht.ca\/about-us\/our-strategy\/#breadcrumb\"},\"inLanguage\":\"ta-IN\",\"potentialAction\":[{\"@type\":\"ReadAction\",\"target\":[\"https:\/\/fr.en.soht.ca\/about-us\/our-strategy\/\"]}]},{\"@type\":\"BreadcrumbList\",\"@id\":\"https:\/\/fr.en.soht.ca\/about-us\/our-strategy\/#breadcrumb\",\"itemListElement\":[{\"@type\":\"ListItem\",\"position\":1,\"name\":\"Home\",\"item\":\"https:\/\/fr.en.soht.ca\/\"},{\"@type\":\"ListItem\",\"position\":2,\"name\":\"\u00c0 propos de nous\",\"item\":\"https:\/\/fr.en.soht.ca\/about-us\/\"},{\"@type\":\"ListItem\",\"position\":3,\"name\":\"Notre strat\u00e9gie\"}]},{\"@type\":\"WebSite\",\"@id\":\"https:\/\/fr.en.soht.ca\/#website\",\"url\":\"https:\/\/fr.en.soht.ca\/\",\"name\":\"Scarborough Ontario Health Network - FR\",\"description\":\"\",\"publisher\":{\"@id\":\"https:\/\/fr.en.soht.ca\/#organization\"},\"potentialAction\":[{\"@type\":\"SearchAction\",\"target\":{\"@type\":\"EntryPoint\",\"urlTemplate\":\"https:\/\/fr.en.soht.ca\/?s={search_term_string}\"},\"query-input\":\"required name=search_term_string\"}],\"inLanguage\":\"ta-IN\"},{\"@type\":\"Organization\",\"@id\":\"https:\/\/fr.en.soht.ca\/#organization\",\"name\":\"Scarborough Ontario Health Network - FR\",\"url\":\"https:\/\/fr.en.soht.ca\/\",\"logo\":{\"@type\":\"ImageObject\",\"inLanguage\":\"ta-IN\",\"@id\":\"https:\/\/fr.en.soht.ca\/#\/schema\/logo\/image\/\",\"url\":\"https:\/\/fr.en.soht.ca\/wp-content\/uploads\/sites\/7\/2022\/08\/cropped-SOHT-Horizontal-Logo-RGB7percent-1.png\",\"contentUrl\":\"https:\/\/fr.en.soht.ca\/wp-content\/uploads\/sites\/7\/2022\/08\/cropped-SOHT-Horizontal-Logo-RGB7percent-1.png\",\"width\":3181,\"height\":1037,\"caption\":\"Scarborough Ontario Health Network - FR\"},\"image\":{\"@id\":\"https:\/\/fr.en.soht.ca\/#\/schema\/logo\/image\/\"}}]}<\/script>\n<!-- \/ Yoast SEO plugin. -->","yoast_head_json":{"title":"Notre strat\u00e9gie - Scarborough Ontario Health Network - FR","robots":{"index":"index","follow":"follow","max-snippet":"max-snippet:-1","max-image-preview":"max-image-preview:large","max-video-preview":"max-video-preview:-1"},"canonical":"https:\/\/fr.en.soht.ca\/ta\/about-us\/our-strategy\/","og_locale":"ta_IN","og_type":"article","og_title":"Notre strat\u00e9gie - Scarborough Ontario Health Network - FR","og_description":"Notre strat\u00e9gie Lorsque l&#8217;\u00c9quipe Sant\u00e9 Ontario de Scarborough continue de collaborer \u00e0 la refonte des soins int\u00e9gr\u00e9s \u00e0 Scarborough, nous sommes fiers de partager notre plan strat\u00e9gique 2022\/23. Le plan strat\u00e9gique de l&#8217;\u00c9SOS se concentre sur trois domaines principaux de d\u00e9veloppement, notamment la poursuite de l&#8217;int\u00e9gration du syst\u00e8me, l&#8217;avancement de nos op\u00e9rations en tant qu&#8217;\u00e9quipe [&hellip;]","og_url":"https:\/\/fr.en.soht.ca\/ta\/about-us\/our-strategy\/","og_site_name":"Scarborough Ontario Health Network - FR","article_modified_time":"2022-10-18T18:34:57+00:00","og_image":[{"width":2560,"height":1706,"url":"https:\/\/fr.en.soht.ca\/wp-content\/uploads\/sites\/7\/2022\/08\/iStock-936129188-smaller-scaled.jpg","type":"image\/jpeg"}],"twitter_card":"summary_large_image","twitter_misc":{"Est. reading time":"1 minute"},"schema":{"@context":"https:\/\/schema.org","@graph":[{"@type":"WebPage","@id":"https:\/\/fr.en.soht.ca\/about-us\/our-strategy\/","url":"https:\/\/fr.en.soht.ca\/about-us\/our-strategy\/","name":"Notre strat\u00e9gie - Scarborough Ontario Health Network - FR","isPartOf":{"@id":"https:\/\/fr.en.soht.ca\/#website"},"datePublished":"2022-08-05T01:21:22+00:00","dateModified":"2022-10-18T18:34:57+00:00","breadcrumb":{"@id":"https:\/\/fr.en.soht.ca\/about-us\/our-strategy\/#breadcrumb"},"inLanguage":"ta-IN","potentialAction":[{"@type":"ReadAction","target":["https:\/\/fr.en.soht.ca\/about-us\/our-strategy\/"]}]},{"@type":"BreadcrumbList","@id":"https:\/\/fr.en.soht.ca\/about-us\/our-strategy\/#breadcrumb","itemListElement":[{"@type":"ListItem","position":1,"name":"Home","item":"https:\/\/fr.en.soht.ca\/"},{"@type":"ListItem","position":2,"name":"\u00c0 propos de nous","item":"https:\/\/fr.en.soht.ca\/about-us\/"},{"@type":"ListItem","position":3,"name":"Notre strat\u00e9gie"}]},{"@type":"WebSite","@id":"https:\/\/fr.en.soht.ca\/#website","url":"https:\/\/fr.en.soht.ca\/","name":"Scarborough Ontario Health Network - FR","description":"","publisher":{"@id":"https:\/\/fr.en.soht.ca\/#organization"},"potentialAction":[{"@type":"SearchAction","target":{"@type":"EntryPoint","urlTemplate":"https:\/\/fr.en.soht.ca\/?s={search_term_string}"},"query-input":"required name=search_term_string"}],"inLanguage":"ta-IN"},{"@type":"Organization","@id":"https:\/\/fr.en.soht.ca\/#organization","name":"Scarborough Ontario Health Network - FR","url":"https:\/\/fr.en.soht.ca\/","logo":{"@type":"ImageObject","inLanguage":"ta-IN","@id":"https:\/\/fr.en.soht.ca\/#\/schema\/logo\/image\/","url":"https:\/\/fr.en.soht.ca\/wp-content\/uploads\/sites\/7\/2022\/08\/cropped-SOHT-Horizontal-Logo-RGB7percent-1.png","contentUrl":"https:\/\/fr.en.soht.ca\/wp-content\/uploads\/sites\/7\/2022\/08\/cropped-SOHT-Horizontal-Logo-RGB7percent-1.png","width":3181,"height":1037,"caption":"Scarborough Ontario Health Network - FR"},"image":{"@id":"https:\/\/fr.en.soht.ca\/#\/schema\/logo\/image\/"}}]}},"post_mailing_queue_ids":[],"_links":{"self":[{"href":"https:\/\/fr.en.soht.ca\/ta\/wp-json\/wp\/v2\/pages\/1975","targetHints":{"allow":["GET"]}}],"collection":[{"href":"https:\/\/fr.en.soht.ca\/ta\/wp-json\/wp\/v2\/pages"}],"about":[{"href":"https:\/\/fr.en.soht.ca\/ta\/wp-json\/wp\/v2\/types\/page"}],"author":[{"embeddable":true,"href":"https:\/\/fr.en.soht.ca\/ta\/wp-json\/wp\/v2\/users\/1"}],"replies":[{"embeddable":true,"href":"https:\/\/fr.en.soht.ca\/ta\/wp-json\/wp\/v2\/comments?post=1975"}],"version-history":[{"count":82,"href":"https:\/\/fr.en.soht.ca\/ta\/wp-json\/wp\/v2\/pages\/1975\/revisions"}],"predecessor-version":[{"id":3884,"href":"https:\/\/fr.en.soht.ca\/ta\/wp-json\/wp\/v2\/pages\/1975\/revisions\/3884"}],"up":[{"embeddable":true,"href":"https:\/\/fr.en.soht.ca\/ta\/wp-json\/wp\/v2\/pages\/18"}],"wp:featuredmedia":[{"embeddable":true,"href":"https:\/\/fr.en.soht.ca\/ta\/wp-json\/wp\/v2\/media\/3660"}],"wp:attachment":[{"href":"https:\/\/fr.en.soht.ca\/ta\/wp-json\/wp\/v2\/media?parent=1975"}],"curies":[{"name":"wp","href":"https:\/\/api.w.org\/{rel}","templated":true}]}}