{"id":157,"date":"2018-09-14T06:46:00","date_gmt":"2018-09-14T06:46:00","guid":{"rendered":"https:\/\/demo.themegrill.com\/zakra-education\/?page_id=157"},"modified":"2022-10-19T03:28:21","modified_gmt":"2022-10-19T03:28:21","slug":"find-a-healthcare-provider","status":"publish","type":"page","link":"https:\/\/fr.en.soht.ca\/ta\/find-a-healthcare-provider\/","title":{"rendered":"Trouver un fournisseur de services de sant\u00e9"},"content":{"rendered":"<div data-elementor-type=\"wp-post\" data-elementor-id=\"157\" class=\"elementor elementor-157\">\n\t\t\t\t\t\t\t\t\t<section class=\"elementor-section elementor-top-section elementor-element elementor-element-5af3f46 elementor-section-boxed elementor-section-height-default elementor-section-height-default\" data-id=\"5af3f46\" data-element_type=\"section\" data-settings=\"{&quot;background_background&quot;:&quot;classic&quot;}\">\n\t\t\t\t\t\t<div class=\"elementor-container elementor-column-gap-default\">\n\t\t\t\t\t<div class=\"elementor-column elementor-col-50 elementor-top-column elementor-element elementor-element-641da68\" data-id=\"641da68\" data-element_type=\"column\">\n\t\t\t<div class=\"elementor-widget-wrap elementor-element-populated\">\n\t\t\t\t\t\t\t\t<div class=\"elementor-element elementor-element-5a01af1 elementor-widget elementor-widget-heading\" data-id=\"5a01af1\" data-element_type=\"widget\" data-widget_type=\"heading.default\">\n\t\t\t\t<div class=\"elementor-widget-container\">\n\t\t\t<style>\/*! elementor - v3.15.0 - 20-08-2023 *\/\n.elementor-heading-title{padding:0;margin:0;line-height:1}.elementor-widget-heading .elementor-heading-title[class*=elementor-size-]>a{color:inherit;font-size:inherit;line-height:inherit}.elementor-widget-heading .elementor-heading-title.elementor-size-small{font-size:15px}.elementor-widget-heading .elementor-heading-title.elementor-size-medium{font-size:19px}.elementor-widget-heading .elementor-heading-title.elementor-size-large{font-size:29px}.elementor-widget-heading .elementor-heading-title.elementor-size-xl{font-size:39px}.elementor-widget-heading .elementor-heading-title.elementor-size-xxl{font-size:59px}<\/style><h2 class=\"elementor-heading-title elementor-size-default\">Trouver un fournisseur de services de sant\u00e9<\/h2>\t\t<\/div>\n\t\t\t\t<\/div>\n\t\t\t\t<div class=\"elementor-element elementor-element-a1c06f7 elementor-widget elementor-widget-text-editor\" data-id=\"a1c06f7\" data-element_type=\"widget\" data-widget_type=\"text-editor.default\">\n\t\t\t\t<div class=\"elementor-widget-container\">\n\t\t\t<style>\/*! elementor - v3.15.0 - 20-08-2023 *\/\n.elementor-widget-text-editor.elementor-drop-cap-view-stacked .elementor-drop-cap{background-color:#69727d;color:#fff}.elementor-widget-text-editor.elementor-drop-cap-view-framed .elementor-drop-cap{color:#69727d;border:3px solid;background-color:transparent}.elementor-widget-text-editor:not(.elementor-drop-cap-view-default) .elementor-drop-cap{margin-top:8px}.elementor-widget-text-editor:not(.elementor-drop-cap-view-default) .elementor-drop-cap-letter{width:1em;height:1em}.elementor-widget-text-editor .elementor-drop-cap{float:left;text-align:center;line-height:1;font-size:50px}.elementor-widget-text-editor .elementor-drop-cap-letter{display:inline-block}<\/style>\t\t\t\t<p style=\"font-size: 18px; font-style: normal; font-weight: 400;\">Si vous souhaitez trouver un m\u00e9decin, un infirmier(\u00e8re) practicien(ne) ou sp\u00e9cialiste qui vous convient et correspond \u00e0 vos besoins. Veuillez utiliser les liens suivants :<\/p>\n\n<ul>\n \t<li><a style=\"color: #ffffff;\" href=\"https:\/\/www.ontario.ca\/fr\/page\/trouver-un-medecin-de-famille-ou-une-infirmiere-praticienne\" target=\"_blank\">Gouvernerment de l&#8217;Ontario &#8211; Trouver un m\u00e9decin de famille ou une infirmi\u00e8re praticienne<\/a><\/li>\n<\/ul>\n<p style=\"font-size: 18px; font-style: normal; font-weight: 400;\">Si vous souhaitez trouver un centre sant\u00e9 communautaire qui est proche de vous, veuillez utiliser les liens suivants :<\/p>\n\n<ul>\n \t<li><a style=\"color: #ffffff;\" href=\"https:\/\/www.lignesantecentre-toronto.ca\/listServicesDetailed.aspx?id=10259&#038;region=Scarborough\" target=\"_blank\">Ligne Sant\u00e9 Toronto<\/a><\/li>\n<\/ul>\n<p style=\"font-size: 18px; font-style: normal; font-weight: 400;\">Pour un centre de vie active pour les personnes ag\u00e9es :<\/p>\n\n<ul>\n \t<li><a style=\"color: #ffffff;\" href=\"https:\/\/www.ontario.ca\/fr\/page\/trouvez-un-centre-de-vie-active-pour-personnes-agees-pres-de-chez-vous\" target=\"_blank\">Trouver un centre de active pour les personnes ag\u00e9es proche de vous<\/a><\/li>\n<\/ul>\t\t\t\t\t\t<\/div>\n\t\t\t\t<\/div>\n\t\t\t\t\t<\/div>\n\t\t<\/div>\n\t\t\t\t<div class=\"elementor-column elementor-col-50 elementor-top-column elementor-element elementor-element-9dc486e\" data-id=\"9dc486e\" data-element_type=\"column\">\n\t\t\t<div class=\"elementor-widget-wrap elementor-element-populated\">\n\t\t\t\t\t\t\t\t<div class=\"elementor-element elementor-element-6696809 animated-slow elementor-invisible elementor-widget elementor-widget-image\" data-id=\"6696809\" data-element_type=\"widget\" data-settings=\"{&quot;_animation&quot;:&quot;fadeIn&quot;}\" data-widget_type=\"image.default\">\n\t\t\t\t<div class=\"elementor-widget-container\">\n\t\t\t<style>\/*! elementor - v3.15.0 - 20-08-2023 *\/\n.elementor-widget-image{text-align:center}.elementor-widget-image a{display:inline-block}.elementor-widget-image a img[src$=\".svg\"]{width:48px}.elementor-widget-image img{vertical-align:middle;display:inline-block}<\/style>\t\t\t\t\t\t\t\t\t\t\t\t<img decoding=\"async\" src=\"https:\/\/fr.en.soht.ca\/wp-content\/uploads\/sites\/7\/2022\/08\/iStock-1273886962-smaller.jpg\" title=\"\u0b92\u0bb0\u0bc1 \u0b9a\u0bc1\u0b95\u0bbe\u0ba4\u0bbe\u0bb0 \u0bb5\u0bb4\u0b99\u0bcd\u0b95\u0bc1\u0baa\u0bb5\u0bb0\u0bc8\u0b95\u0bcd \u0b95\u0ba3\u0bcd\u0b9f\u0bb1\u0bbf\u0baf\u0bb5\u0bc1\u0bae\u0bcd\" alt=\"Find a Healthcare Provider\" loading=\"lazy\" \/>\t\t\t\t\t\t\t\t\t\t\t\t\t\t\t<\/div>\n\t\t\t\t<\/div>\n\t\t\t\t\t<\/div>\n\t\t<\/div>\n\t\t\t\t\t\t\t<\/div>\n\t\t<\/section>\n\t\t\t\t\t\t\t<\/div>","protected":false},"excerpt":{"rendered":"<p>Trouver un fournisseur de services de sant\u00e9 Si vous souhaitez trouver un m\u00e9decin, un infirmier(\u00e8re) practicien(ne) ou sp\u00e9cialiste qui vous convient et correspond \u00e0 vos besoins. Veuillez utiliser les liens suivants : Gouvernerment de l&#8217;Ontario &#8211; Trouver un m\u00e9decin de famille ou une infirmi\u00e8re praticienne Si vous souhaitez trouver un centre sant\u00e9 communautaire qui est [&hellip;]<\/p>","protected":false},"author":1,"featured_media":3669,"parent":0,"menu_order":0,"comment_status":"closed","ping_status":"closed","template":"page-templates\/pagebuilder.php","meta":{"footnotes":""},"class_list":["post-157","page","type-page","status-publish","has-post-thumbnail","hentry"],"yoast_head":"<!-- This site is optimized with the Yoast SEO plugin v21.0 - https:\/\/yoast.com\/wordpress\/plugins\/seo\/ -->\n<title>Trouver un fournisseur de services de sant\u00e9 - Scarborough Ontario Health Network - FR<\/title>\n<meta name=\"robots\" content=\"index, follow, max-snippet:-1, max-image-preview:large, max-video-preview:-1\" \/>\n<link rel=\"canonical\" href=\"https:\/\/fr.en.soht.ca\/ta\/find-a-healthcare-provider\/\" \/>\n<meta property=\"og:locale\" content=\"ta_IN\" \/>\n<meta property=\"og:type\" content=\"article\" \/>\n<meta property=\"og:title\" content=\"Trouver un fournisseur de services de sant\u00e9 - Scarborough Ontario Health Network - FR\" \/>\n<meta property=\"og:description\" content=\"Trouver un fournisseur de services de sant\u00e9 Si vous souhaitez trouver un m\u00e9decin, un infirmier(\u00e8re) practicien(ne) ou sp\u00e9cialiste qui vous convient et correspond \u00e0 vos besoins. Veuillez utiliser les liens suivants : Gouvernerment de l&#8217;Ontario &#8211; Trouver un m\u00e9decin de famille ou une infirmi\u00e8re praticienne Si vous souhaitez trouver un centre sant\u00e9 communautaire qui est [&hellip;]\" \/>\n<meta property=\"og:url\" content=\"https:\/\/fr.en.soht.ca\/ta\/find-a-healthcare-provider\/\" \/>\n<meta property=\"og:site_name\" content=\"Scarborough Ontario Health Network - FR\" \/>\n<meta property=\"article:modified_time\" content=\"2022-10-19T03:28:21+00:00\" \/>\n<meta property=\"og:image\" content=\"https:\/\/fr.en.soht.ca\/wp-content\/uploads\/sites\/7\/2022\/08\/iStock-1273886962-smaller.jpg\" \/>\n\t<meta property=\"og:image:width\" content=\"1024\" \/>\n\t<meta property=\"og:image:height\" content=\"682\" \/>\n\t<meta property=\"og:image:type\" content=\"image\/jpeg\" \/>\n<meta name=\"twitter:card\" content=\"summary_large_image\" \/>\n<meta name=\"twitter:label1\" content=\"Est. reading time\" \/>\n\t<meta name=\"twitter:data1\" content=\"1 minute\" \/>\n<script type=\"application\/ld+json\" class=\"yoast-schema-graph\">{\"@context\":\"https:\/\/schema.org\",\"@graph\":[{\"@type\":\"WebPage\",\"@id\":\"https:\/\/fr.en.soht.ca\/find-a-healthcare-provider\/\",\"url\":\"https:\/\/fr.en.soht.ca\/find-a-healthcare-provider\/\",\"name\":\"Trouver un fournisseur de services de sant\u00e9 - Scarborough Ontario Health Network - FR\",\"isPartOf\":{\"@id\":\"https:\/\/fr.en.soht.ca\/#website\"},\"datePublished\":\"2018-09-14T06:46:00+00:00\",\"dateModified\":\"2022-10-19T03:28:21+00:00\",\"breadcrumb\":{\"@id\":\"https:\/\/fr.en.soht.ca\/find-a-healthcare-provider\/#breadcrumb\"},\"inLanguage\":\"ta-IN\",\"potentialAction\":[{\"@type\":\"ReadAction\",\"target\":[\"https:\/\/fr.en.soht.ca\/find-a-healthcare-provider\/\"]}]},{\"@type\":\"BreadcrumbList\",\"@id\":\"https:\/\/fr.en.soht.ca\/find-a-healthcare-provider\/#breadcrumb\",\"itemListElement\":[{\"@type\":\"ListItem\",\"position\":1,\"name\":\"Home\",\"item\":\"https:\/\/fr.en.soht.ca\/\"},{\"@type\":\"ListItem\",\"position\":2,\"name\":\"Trouver un fournisseur de services de sant\u00e9\"}]},{\"@type\":\"WebSite\",\"@id\":\"https:\/\/fr.en.soht.ca\/#website\",\"url\":\"https:\/\/fr.en.soht.ca\/\",\"name\":\"Scarborough Ontario Health Network - FR\",\"description\":\"\",\"publisher\":{\"@id\":\"https:\/\/fr.en.soht.ca\/#organization\"},\"potentialAction\":[{\"@type\":\"SearchAction\",\"target\":{\"@type\":\"EntryPoint\",\"urlTemplate\":\"https:\/\/fr.en.soht.ca\/?s={search_term_string}\"},\"query-input\":\"required name=search_term_string\"}],\"inLanguage\":\"ta-IN\"},{\"@type\":\"Organization\",\"@id\":\"https:\/\/fr.en.soht.ca\/#organization\",\"name\":\"Scarborough Ontario Health Network - FR\",\"url\":\"https:\/\/fr.en.soht.ca\/\",\"logo\":{\"@type\":\"ImageObject\",\"inLanguage\":\"ta-IN\",\"@id\":\"https:\/\/fr.en.soht.ca\/#\/schema\/logo\/image\/\",\"url\":\"https:\/\/fr.en.soht.ca\/wp-content\/uploads\/sites\/7\/2022\/08\/cropped-SOHT-Horizontal-Logo-RGB7percent-1.png\",\"contentUrl\":\"https:\/\/fr.en.soht.ca\/wp-content\/uploads\/sites\/7\/2022\/08\/cropped-SOHT-Horizontal-Logo-RGB7percent-1.png\",\"width\":3181,\"height\":1037,\"caption\":\"Scarborough Ontario Health Network - FR\"},\"image\":{\"@id\":\"https:\/\/fr.en.soht.ca\/#\/schema\/logo\/image\/\"}}]}<\/script>\n<!-- \/ Yoast SEO plugin. -->","yoast_head_json":{"title":"Trouver un fournisseur de services de sant\u00e9 - Scarborough Ontario Health Network - FR","robots":{"index":"index","follow":"follow","max-snippet":"max-snippet:-1","max-image-preview":"max-image-preview:large","max-video-preview":"max-video-preview:-1"},"canonical":"https:\/\/fr.en.soht.ca\/ta\/find-a-healthcare-provider\/","og_locale":"ta_IN","og_type":"article","og_title":"Trouver un fournisseur de services de sant\u00e9 - Scarborough Ontario Health Network - FR","og_description":"Trouver un fournisseur de services de sant\u00e9 Si vous souhaitez trouver un m\u00e9decin, un infirmier(\u00e8re) practicien(ne) ou sp\u00e9cialiste qui vous convient et correspond \u00e0 vos besoins. Veuillez utiliser les liens suivants : Gouvernerment de l&#8217;Ontario &#8211; Trouver un m\u00e9decin de famille ou une infirmi\u00e8re praticienne Si vous souhaitez trouver un centre sant\u00e9 communautaire qui est [&hellip;]","og_url":"https:\/\/fr.en.soht.ca\/ta\/find-a-healthcare-provider\/","og_site_name":"Scarborough Ontario Health Network - FR","article_modified_time":"2022-10-19T03:28:21+00:00","og_image":[{"width":1024,"height":682,"url":"https:\/\/fr.en.soht.ca\/wp-content\/uploads\/sites\/7\/2022\/08\/iStock-1273886962-smaller.jpg","type":"image\/jpeg"}],"twitter_card":"summary_large_image","twitter_misc":{"Est. reading time":"1 minute"},"schema":{"@context":"https:\/\/schema.org","@graph":[{"@type":"WebPage","@id":"https:\/\/fr.en.soht.ca\/find-a-healthcare-provider\/","url":"https:\/\/fr.en.soht.ca\/find-a-healthcare-provider\/","name":"Trouver un fournisseur de services de sant\u00e9 - Scarborough Ontario Health Network - FR","isPartOf":{"@id":"https:\/\/fr.en.soht.ca\/#website"},"datePublished":"2018-09-14T06:46:00+00:00","dateModified":"2022-10-19T03:28:21+00:00","breadcrumb":{"@id":"https:\/\/fr.en.soht.ca\/find-a-healthcare-provider\/#breadcrumb"},"inLanguage":"ta-IN","potentialAction":[{"@type":"ReadAction","target":["https:\/\/fr.en.soht.ca\/find-a-healthcare-provider\/"]}]},{"@type":"BreadcrumbList","@id":"https:\/\/fr.en.soht.ca\/find-a-healthcare-provider\/#breadcrumb","itemListElement":[{"@type":"ListItem","position":1,"name":"Home","item":"https:\/\/fr.en.soht.ca\/"},{"@type":"ListItem","position":2,"name":"Trouver un fournisseur de services de sant\u00e9"}]},{"@type":"WebSite","@id":"https:\/\/fr.en.soht.ca\/#website","url":"https:\/\/fr.en.soht.ca\/","name":"Scarborough Ontario Health Network - FR","description":"","publisher":{"@id":"https:\/\/fr.en.soht.ca\/#organization"},"potentialAction":[{"@type":"SearchAction","target":{"@type":"EntryPoint","urlTemplate":"https:\/\/fr.en.soht.ca\/?s={search_term_string}"},"query-input":"required name=search_term_string"}],"inLanguage":"ta-IN"},{"@type":"Organization","@id":"https:\/\/fr.en.soht.ca\/#organization","name":"Scarborough Ontario Health Network - FR","url":"https:\/\/fr.en.soht.ca\/","logo":{"@type":"ImageObject","inLanguage":"ta-IN","@id":"https:\/\/fr.en.soht.ca\/#\/schema\/logo\/image\/","url":"https:\/\/fr.en.soht.ca\/wp-content\/uploads\/sites\/7\/2022\/08\/cropped-SOHT-Horizontal-Logo-RGB7percent-1.png","contentUrl":"https:\/\/fr.en.soht.ca\/wp-content\/uploads\/sites\/7\/2022\/08\/cropped-SOHT-Horizontal-Logo-RGB7percent-1.png","width":3181,"height":1037,"caption":"Scarborough Ontario Health Network - FR"},"image":{"@id":"https:\/\/fr.en.soht.ca\/#\/schema\/logo\/image\/"}}]}},"post_mailing_queue_ids":[],"_links":{"self":[{"href":"https:\/\/fr.en.soht.ca\/ta\/wp-json\/wp\/v2\/pages\/157","targetHints":{"allow":["GET"]}}],"collection":[{"href":"https:\/\/fr.en.soht.ca\/ta\/wp-json\/wp\/v2\/pages"}],"about":[{"href":"https:\/\/fr.en.soht.ca\/ta\/wp-json\/wp\/v2\/types\/page"}],"author":[{"embeddable":true,"href":"https:\/\/fr.en.soht.ca\/ta\/wp-json\/wp\/v2\/users\/1"}],"replies":[{"embeddable":true,"href":"https:\/\/fr.en.soht.ca\/ta\/wp-json\/wp\/v2\/comments?post=157"}],"version-history":[{"count":99,"href":"https:\/\/fr.en.soht.ca\/ta\/wp-json\/wp\/v2\/pages\/157\/revisions"}],"predecessor-version":[{"id":3964,"href":"https:\/\/fr.en.soht.ca\/ta\/wp-json\/wp\/v2\/pages\/157\/revisions\/3964"}],"wp:featuredmedia":[{"embeddable":true,"href":"https:\/\/fr.en.soht.ca\/ta\/wp-json\/wp\/v2\/media\/3669"}],"wp:attachment":[{"href":"https:\/\/fr.en.soht.ca\/ta\/wp-json\/wp\/v2\/media?parent=157"}],"curies":[{"name":"wp","href":"https:\/\/api.w.org\/{rel}","templated":true}]}}