{"id":592,"date":"2022-06-16T17:56:29","date_gmt":"2022-06-16T17:56:29","guid":{"rendered":"https:\/\/fr.en.soht.ca\/?page_id=592"},"modified":"2022-10-18T18:41:59","modified_gmt":"2022-10-18T18:41:59","slug":"our-journey","status":"publish","type":"page","link":"https:\/\/fr.en.soht.ca\/fr\/about-us\/our-journey\/","title":{"rendered":"Notre parcours"},"content":{"rendered":"<div data-elementor-type=\"wp-post\" data-elementor-id=\"592\" class=\"elementor elementor-592\">\n\t\t\t\t\t\t\t\t\t<section class=\"elementor-section elementor-top-section elementor-element elementor-element-5009c7d elementor-section-stretched elementor-section-boxed elementor-section-height-default elementor-section-height-default\" data-id=\"5009c7d\" data-element_type=\"section\" data-settings=\"{&quot;stretch_section&quot;:&quot;section-stretched&quot;,&quot;background_background&quot;:&quot;gradient&quot;}\">\n\t\t\t\t\t\t<div class=\"elementor-container elementor-column-gap-default\">\n\t\t\t\t\t<div class=\"elementor-column elementor-col-100 elementor-top-column elementor-element elementor-element-b42d63c\" data-id=\"b42d63c\" data-element_type=\"column\">\n\t\t\t<div class=\"elementor-widget-wrap elementor-element-populated\">\n\t\t\t\t\t\t\t\t<div class=\"elementor-element elementor-element-83ad38a elementor-widget elementor-widget-image\" data-id=\"83ad38a\" data-element_type=\"widget\" data-widget_type=\"image.default\">\n\t\t\t\t<div class=\"elementor-widget-container\">\n\t\t\t<style>\/*! elementor - v3.15.0 - 20-08-2023 *\/\n.elementor-widget-image{text-align:center}.elementor-widget-image a{display:inline-block}.elementor-widget-image a img[src$=\".svg\"]{width:48px}.elementor-widget-image img{vertical-align:middle;display:inline-block}<\/style>\t\t\t\t\t\t\t\t\t\t\t\t<img decoding=\"async\" src=\"https:\/\/fr.en.soht.ca\/wp-content\/uploads\/sites\/7\/elementor\/thumbs\/journey-pwegrxl7otm8ubf93pyts2u3axmijrum925uo0futs.png\" title=\"Notre parcours\" alt=\"Our Journey\" loading=\"lazy\" \/>\t\t\t\t\t\t\t\t\t\t\t\t\t\t\t<\/div>\n\t\t\t\t<\/div>\n\t\t\t\t\t<\/div>\n\t\t<\/div>\n\t\t\t\t\t\t\t<\/div>\n\t\t<\/section>\n\t\t\t\t<section class=\"elementor-section elementor-top-section elementor-element elementor-element-7f845bc elementor-section-stretched elementor-section-boxed elementor-section-height-default elementor-section-height-default\" data-id=\"7f845bc\" data-element_type=\"section\" data-settings=\"{&quot;stretch_section&quot;:&quot;section-stretched&quot;,&quot;background_background&quot;:&quot;gradient&quot;}\">\n\t\t\t\t\t\t<div class=\"elementor-container elementor-column-gap-default\">\n\t\t\t\t\t<div class=\"elementor-column elementor-col-100 elementor-top-column elementor-element elementor-element-606aa76\" data-id=\"606aa76\" data-element_type=\"column\">\n\t\t\t<div class=\"elementor-widget-wrap elementor-element-populated\">\n\t\t\t\t\t\t\t\t<div class=\"elementor-element elementor-element-450a2fe elementor-widget elementor-widget-heading\" data-id=\"450a2fe\" data-element_type=\"widget\" data-widget_type=\"heading.default\">\n\t\t\t\t<div class=\"elementor-widget-container\">\n\t\t\t<style>\/*! elementor - v3.15.0 - 20-08-2023 *\/\n.elementor-heading-title{padding:0;margin:0;line-height:1}.elementor-widget-heading .elementor-heading-title[class*=elementor-size-]>a{color:inherit;font-size:inherit;line-height:inherit}.elementor-widget-heading .elementor-heading-title.elementor-size-small{font-size:15px}.elementor-widget-heading .elementor-heading-title.elementor-size-medium{font-size:19px}.elementor-widget-heading .elementor-heading-title.elementor-size-large{font-size:29px}.elementor-widget-heading .elementor-heading-title.elementor-size-xl{font-size:39px}.elementor-widget-heading .elementor-heading-title.elementor-size-xxl{font-size:59px}<\/style><h2 class=\"elementor-heading-title elementor-size-default\">Notre parcours<\/h2>\t\t<\/div>\n\t\t\t\t<\/div>\n\t\t\t\t\t<\/div>\n\t\t<\/div>\n\t\t\t\t\t\t\t<\/div>\n\t\t<\/section>\n\t\t\t\t<section class=\"elementor-section elementor-top-section elementor-element elementor-element-118dd5d elementor-section-stretched animated-slow elementor-section-boxed elementor-section-height-default elementor-section-height-default elementor-invisible\" data-id=\"118dd5d\" data-element_type=\"section\" data-settings=\"{&quot;stretch_section&quot;:&quot;section-stretched&quot;,&quot;animation&quot;:&quot;fadeIn&quot;}\">\n\t\t\t\t\t\t<div class=\"elementor-container elementor-column-gap-default\">\n\t\t\t\t\t<div class=\"elementor-column elementor-col-100 elementor-top-column elementor-element elementor-element-3e8939a\" data-id=\"3e8939a\" data-element_type=\"column\">\n\t\t\t<div class=\"elementor-widget-wrap elementor-element-populated\">\n\t\t\t\t\t\t\t\t<div class=\"elementor-element elementor-element-eeb1504 animated-slow elementor-invisible elementor-widget elementor-widget-timeline-widget-addon\" data-id=\"eeb1504\" data-element_type=\"widget\" data-settings=\"{&quot;_animation&quot;:&quot;fadeIn&quot;}\" data-widget_type=\"timeline-widget-addon.default\">\n\t\t\t\t<div class=\"elementor-widget-container\">\n\t\t\t<!-- ========= Timeline Widget Addon For Elementor 1.5 ========= -->\r\n<div id=\"twae-wrapper-eeb1504\" class=\"twae-vertical twae-wrapper  twae-both-sided\">   \r\n    <div class=\"twae-start\"><\/div>    \r\n    <div id=\"twea-timeline-eeb1504\" class=\"twae-timeline\" ><div id=\"story-9d459cd\" class=\"twae-story twae-repeater-item twae-story-right twae-story-icon\">\r\n                <div class=\"twae-labels\" ><div class=\"twae-label-big\">Juin 2022<\/div><\/div><div class=\"twae-icon\"><i aria-hidden=\"true\" class=\"fas fa-book\"><\/i><\/div><div class=\"twae-arrow\"><\/div><div class=\"twae-content\"><div class=\"twae-title\">\u00c9SOS soumet formellement le premier plan collaboratif d'am\u00e9lioration de la qualit\u00e9<\/div><div class=\"twae-description\"><\/div>\r\n                <\/div>\r\n        <\/div><div id=\"story-5be8dbf\" class=\"twae-story twae-repeater-item twae-story-left twae-story-icon\">\r\n                <div class=\"twae-labels\" ><div class=\"twae-label-big\">Novembre 16 et 19, 2021<\/div><\/div><div class=\"twae-icon\"><i aria-hidden=\"true\" class=\"fas fa-handshake\"><\/i><\/div><div class=\"twae-arrow\"><\/div><div class=\"twae-content\"><div class=\"twae-title\"><\/div><div class=\"twae-description\"><p style=\"font-size: 18px;font-family: Roboto;margin-top: -30px\">\u00c9SOS rassemble les partenaires pour une retraite <a href=\"https:\/\/fr.en.soht.ca\/fr\/about-us\/our-strategy\/\">strat\u00e9gique<\/a> pour tracer notre chemin vers l'avenir apr\u00e8s la pand\u00e9mie<\/p><\/div>\r\n                <\/div>\r\n        <\/div><div id=\"story-6a6cbe8\" class=\"twae-story twae-repeater-item twae-story-right twae-story-icon\">\r\n                <div class=\"twae-labels\" ><div class=\"twae-label-big\">Novembre 2021<\/div><\/div><div class=\"twae-icon\"><i aria-hidden=\"true\" class=\"fas fa-people-carry\"><\/i><\/div><div class=\"twae-arrow\"><\/div><div class=\"twae-content\"><div class=\"twae-title\">Des membres additional de l'\u00c9SOS sont embarqu\u00e9s pour supporter le R\u00e9seau des m\u00e9decins de famille de Scarborough<\/div><div class=\"twae-description\"><\/div>\r\n                <\/div>\r\n        <\/div><div id=\"story-b1c04e0\" class=\"twae-story twae-repeater-item twae-story-left twae-story-icon\">\r\n                <div class=\"twae-labels\" ><div class=\"twae-label-big\">Septembre 2021<\/div><\/div><div class=\"twae-icon\"><i aria-hidden=\"true\" class=\"far fa-handshake\"><\/i><\/div><div class=\"twae-arrow\"><\/div><div class=\"twae-content\"><div class=\"twae-title\">\u00c9SOS a initi\u00e9 des communications r\u00e9guliers pour les partenaires avec le lancement du premier bulletin d'information mensuel<\/div><div class=\"twae-description\"><\/div>\r\n                <\/div>\r\n        <\/div><div id=\"story-5fae8c4\" class=\"twae-story twae-repeater-item twae-story-right twae-story-icon\">\r\n                <div class=\"twae-labels\" ><div class=\"twae-label-big\">Septembre 2021<\/div><\/div><div class=\"twae-icon\"><i aria-hidden=\"true\" class=\"fas fa-head-side-virus\"><\/i><\/div><div class=\"twae-arrow\"><\/div><div class=\"twae-content\"><div class=\"twae-title\">\u00c9SOS souhaite la bienvenue \"Institute of Health Policy, Management and Evaluation (IHPME) Impact fellow: en analysant les chemins de la sant\u00e9 mentale et toxicomanie \u00e0 travers nos partenaires dans le but de fournir des recommendations de rationaliser l'aiguillage aux services de la sant\u00e9 mentale et toxicomanie<\/div><div class=\"twae-description\"><\/div>\r\n                <\/div>\r\n        <\/div><div id=\"story-9f8d716\" class=\"twae-story twae-repeater-item twae-story-left twae-story-icon\">\r\n                <div class=\"twae-labels\" ><div class=\"twae-label-big\">Juillet 2021<\/div><\/div><div class=\"twae-icon\"><i aria-hidden=\"true\" class=\"fas fa-crosshairs\"><\/i><\/div><div class=\"twae-arrow\"><\/div><div class=\"twae-content\"><div class=\"twae-title\">\u00c9SOS cliniques de vaccination COVID-19 administr\u00e9es notre 500 000 dose de vaccins<\/div><div class=\"twae-description\"><\/div>\r\n                <\/div>\r\n        <\/div><div id=\"story-a17834b\" class=\"twae-story twae-repeater-item twae-story-right twae-story-icon\">\r\n                <div class=\"twae-labels\" ><div class=\"twae-label-big\">Avril 2021<\/div><\/div><div class=\"twae-icon\"><i aria-hidden=\"true\" class=\"far fa-building\"><\/i><\/div><div class=\"twae-arrow\"><\/div><div class=\"twae-content\"><div class=\"twae-title\">L'\u00e9tablissement formel de la structure de gouvernance de l'\u00c9SOS, incluant le Comit\u00e9 Consultatif des Clients et des Familles<\/div><div class=\"twae-description\"><\/div>\r\n                <\/div>\r\n        <\/div><div id=\"story-5389c48\" class=\"twae-story twae-repeater-item twae-story-left twae-story-icon\">\r\n                <div class=\"twae-labels\" ><div class=\"twae-label-big\">Mars 2021<\/div><\/div><div class=\"twae-icon\"><i aria-hidden=\"true\" class=\"fas fa-road\"><\/i><\/div><div class=\"twae-arrow\"><\/div><div class=\"twae-content\"><div class=\"twae-title\">\u00c9SOS lance le premier programme pilote visant \u00e0 revoir la conception des chemins de soins<\/div><div class=\"twae-description\"><\/div>\r\n                <\/div>\r\n        <\/div><div id=\"story-bc417c6\" class=\"twae-story twae-repeater-item twae-story-right twae-story-icon\">\r\n                <div class=\"twae-labels\" ><div class=\"twae-label-big\">F\u00e9vrier 2021<\/div><\/div><div class=\"twae-icon\"><i aria-hidden=\"true\" class=\"fas fa-ambulance\"><\/i><\/div><div class=\"twae-arrow\"><\/div><div class=\"twae-content\"><div class=\"twae-title\">\u00c9SOS strat\u00e9gie de vaccination de masse commence<\/div><div class=\"twae-description\"><\/div>\r\n                <\/div>\r\n        <\/div><div id=\"story-e6e4cfe\" class=\"twae-story twae-repeater-item twae-story-left twae-story-icon\">\r\n                <div class=\"twae-labels\" ><div class=\"twae-label-big\">F\u00e9vrier 2021<\/div><\/div><div class=\"twae-icon\"><i aria-hidden=\"true\" class=\"fas fa-user-nurse\"><\/i><\/div><div class=\"twae-arrow\"><\/div><div class=\"twae-content\"><div class=\"twae-title\">\u00c9SOS strat\u00e9gie de vaccination de masse commence<\/div><div class=\"twae-description\"><\/div>\r\n                <\/div>\r\n        <\/div><div id=\"story-e099231\" class=\"twae-story twae-repeater-item twae-story-right twae-story-icon\">\r\n                <div class=\"twae-labels\" ><div class=\"twae-label-big\">Novembre 2020<\/div><\/div><div class=\"twae-icon\"><i aria-hidden=\"true\" class=\"fas fa-rocket\"><\/i><\/div><div class=\"twae-arrow\"><\/div><div class=\"twae-content\"><div class=\"twae-title\">\u00c9quipe Sant\u00e9 Ontario de Scaroborugh officiellement annonc\u00e9e<\/div><div class=\"twae-description\"><\/div>\r\n                <\/div>\r\n        <\/div><div id=\"story-a512263\" class=\"twae-story twae-repeater-item twae-story-left twae-story-icon\">\r\n                <div class=\"twae-labels\" ><div class=\"twae-label-big\">Septembre 2020<\/div><\/div><div class=\"twae-icon\"><i aria-hidden=\"true\" class=\"fab fa-wpforms\"><\/i><\/div><div class=\"twae-arrow\"><\/div><div class=\"twae-content\"><div class=\"twae-title\">Applicaton compl\u00e8te de \u00c9SO soumis<\/div><div class=\"twae-description\"><\/div>\r\n                <\/div>\r\n        <\/div><div id=\"story-aeba70a\" class=\"twae-story twae-repeater-item twae-story-right twae-story-icon\">\r\n                <div class=\"twae-labels\" ><div class=\"twae-label-big\">D\u00e9cembre 2019<\/div><\/div><div class=\"twae-icon\"><i aria-hidden=\"true\" class=\"fas fa-baby\"><\/i><\/div><div class=\"twae-arrow\"><\/div><div class=\"twae-content\"><div class=\"twae-title\">Formation du R\u00e9seau des m\u00e9decins de famille de Scarborough<\/div><div class=\"twae-description\"><\/div>\r\n                <\/div>\r\n        <\/div><div id=\"story-17a29bb\" class=\"twae-story twae-repeater-item twae-story-left twae-story-icon\">\r\n                <div class=\"twae-labels\" ><div class=\"twae-label-big\">Mai 2019<\/div><\/div><div class=\"twae-icon\"><i aria-hidden=\"true\" class=\"fas fa-birthday-cake\"><\/i><\/div><div class=\"twae-arrow\"><\/div><div class=\"twae-content\"><div class=\"twae-title\">Partenaires de Scaroborugh soumettent une auto-\u00e9valuation pour devenir une \u00c9SO<\/div><div class=\"twae-description\"><\/div>\r\n                <\/div>\r\n        <\/div><\/div>\r\n    <div class=\"twae-end\"><\/div>\r\n    <\/div><style type=\"text\/css\">.elementor-592 .elementor-element.elementor-element-eeb1504 .twae-wrapper.twae-vertical .twae-story{margin-bottom:60px!important}.elementor-592 .elementor-element.elementor-element-eeb1504 .twae-wrapper{--tw-cbx-title-color:#2A4D98;}.elementor-592 .elementor-element.elementor-element-eeb1504 .twae-wrapper{--tw-lbl-big-color:#2A4D98;}.elementor-592 .elementor-element.elementor-element-eeb1504 .twae-wrapper{--tw-lbl-small-color:#2A4D98;}.elementor-592 .elementor-element.elementor-element-eeb1504 .twae-wrapper{--tw-cbx-des-color:#2A4D98;}.elementor-592 .elementor-element.elementor-element-eeb1504 .twae-wrapper{--tw-ibx-bg:#8E4F8F;}.elementor-592 .elementor-element.elementor-element-eeb1504 .twae-title{font-family:Roboto;font-size:18px;font-weight:400;}.elementor-592 .elementor-element.elementor-element-eeb1504 .twae-label-big{font-family:Roboto;font-size:30px;font-weight:600;}.elementor-592 .elementor-element.elementor-element-eeb1504 .twae-wrapper{--tw-lbl-big-size:30px}<\/style>\t\t<\/div>\n\t\t\t\t<\/div>\n\t\t\t\t\t<\/div>\n\t\t<\/div>\n\t\t\t\t\t\t\t<\/div>\n\t\t<\/section>\n\t\t\t\t\t\t\t<\/div>","protected":false},"excerpt":{"rendered":"<p>Notre parcours Juin 2022 \u00c9SOS soumet formellement le premier plan collaboratif d&#039;am\u00e9lioration de la qualit\u00e9 Novembre 16 et 19, 2021 \u00c9SOS rassemble les partenaires pour une retraite strat\u00e9gique pour tracer notre chemin vers l&#8217;avenir apr\u00e8s la pand\u00e9mie Novembre 2021 Des membres additional de l&#039;\u00c9SOS sont embarqu\u00e9s pour supporter le R\u00e9seau des m\u00e9decins de famille de [&hellip;]<\/p>","protected":false},"author":1,"featured_media":0,"parent":18,"menu_order":0,"comment_status":"closed","ping_status":"closed","template":"page-templates\/pagebuilder.php","meta":{"footnotes":""},"class_list":["post-592","page","type-page","status-publish","hentry"],"yoast_head":"<!-- This site is optimized with the Yoast SEO plugin v21.0 - https:\/\/yoast.com\/wordpress\/plugins\/seo\/ -->\n<title>Notre parcours - Scarborough Ontario Health Network - FR<\/title>\n<meta name=\"robots\" content=\"index, follow, max-snippet:-1, max-image-preview:large, max-video-preview:-1\" \/>\n<link rel=\"canonical\" href=\"https:\/\/fr.en.soht.ca\/fr\/about-us\/our-journey\/\" \/>\n<meta property=\"og:locale\" content=\"fr_CA\" \/>\n<meta property=\"og:type\" content=\"article\" \/>\n<meta property=\"og:title\" content=\"Notre parcours - Scarborough Ontario Health Network - FR\" \/>\n<meta property=\"og:description\" content=\"Notre parcours Juin 2022 \u00c9SOS soumet formellement le premier plan collaboratif d&#039;am\u00e9lioration de la qualit\u00e9 Novembre 16 et 19, 2021 \u00c9SOS rassemble les partenaires pour une retraite strat\u00e9gique pour tracer notre chemin vers l&#8217;avenir apr\u00e8s la pand\u00e9mie Novembre 2021 Des membres additional de l&#039;\u00c9SOS sont embarqu\u00e9s pour supporter le R\u00e9seau des m\u00e9decins de famille de [&hellip;]\" \/>\n<meta property=\"og:url\" content=\"https:\/\/fr.en.soht.ca\/fr\/about-us\/our-journey\/\" \/>\n<meta property=\"og:site_name\" content=\"Scarborough Ontario Health Network - FR\" \/>\n<meta property=\"article:modified_time\" content=\"2022-10-18T18:41:59+00:00\" \/>\n<meta property=\"og:image\" content=\"https:\/\/fr.en.soht.ca\/wp-content\/uploads\/sites\/7\/elementor\/thumbs\/journey-pwegrxl7otm8ubf93pyts2u3axmijrum925uo0futs.png\" \/>\n<meta name=\"twitter:card\" content=\"summary_large_image\" \/>\n<meta name=\"twitter:label1\" content=\"Estimation du temps de lecture\" \/>\n\t<meta name=\"twitter:data1\" content=\"5 minutes\" \/>\n<script type=\"application\/ld+json\" class=\"yoast-schema-graph\">{\"@context\":\"https:\/\/schema.org\",\"@graph\":[{\"@type\":\"WebPage\",\"@id\":\"https:\/\/fr.en.soht.ca\/about-us\/our-journey\/\",\"url\":\"https:\/\/fr.en.soht.ca\/about-us\/our-journey\/\",\"name\":\"Notre parcours - Scarborough Ontario Health Network - FR\",\"isPartOf\":{\"@id\":\"https:\/\/fr.en.soht.ca\/#website\"},\"datePublished\":\"2022-06-16T17:56:29+00:00\",\"dateModified\":\"2022-10-18T18:41:59+00:00\",\"breadcrumb\":{\"@id\":\"https:\/\/fr.en.soht.ca\/about-us\/our-journey\/#breadcrumb\"},\"inLanguage\":\"fr-CA\",\"potentialAction\":[{\"@type\":\"ReadAction\",\"target\":[\"https:\/\/fr.en.soht.ca\/about-us\/our-journey\/\"]}]},{\"@type\":\"BreadcrumbList\",\"@id\":\"https:\/\/fr.en.soht.ca\/about-us\/our-journey\/#breadcrumb\",\"itemListElement\":[{\"@type\":\"ListItem\",\"position\":1,\"name\":\"Home\",\"item\":\"https:\/\/fr.en.soht.ca\/\"},{\"@type\":\"ListItem\",\"position\":2,\"name\":\"\u00c0 propos de nous\",\"item\":\"https:\/\/fr.en.soht.ca\/about-us\/\"},{\"@type\":\"ListItem\",\"position\":3,\"name\":\"Notre parcours\"}]},{\"@type\":\"WebSite\",\"@id\":\"https:\/\/fr.en.soht.ca\/#website\",\"url\":\"https:\/\/fr.en.soht.ca\/\",\"name\":\"Scarborough Ontario Health Network - FR\",\"description\":\"\",\"publisher\":{\"@id\":\"https:\/\/fr.en.soht.ca\/#organization\"},\"potentialAction\":[{\"@type\":\"SearchAction\",\"target\":{\"@type\":\"EntryPoint\",\"urlTemplate\":\"https:\/\/fr.en.soht.ca\/?s={search_term_string}\"},\"query-input\":\"required name=search_term_string\"}],\"inLanguage\":\"fr-CA\"},{\"@type\":\"Organization\",\"@id\":\"https:\/\/fr.en.soht.ca\/#organization\",\"name\":\"Scarborough Ontario Health Network - FR\",\"url\":\"https:\/\/fr.en.soht.ca\/\",\"logo\":{\"@type\":\"ImageObject\",\"inLanguage\":\"fr-CA\",\"@id\":\"https:\/\/fr.en.soht.ca\/#\/schema\/logo\/image\/\",\"url\":\"https:\/\/fr.en.soht.ca\/wp-content\/uploads\/sites\/7\/2022\/08\/cropped-SOHT-Horizontal-Logo-RGB7percent-1.png\",\"contentUrl\":\"https:\/\/fr.en.soht.ca\/wp-content\/uploads\/sites\/7\/2022\/08\/cropped-SOHT-Horizontal-Logo-RGB7percent-1.png\",\"width\":3181,\"height\":1037,\"caption\":\"Scarborough Ontario Health Network - FR\"},\"image\":{\"@id\":\"https:\/\/fr.en.soht.ca\/#\/schema\/logo\/image\/\"}}]}<\/script>\n<!-- \/ Yoast SEO plugin. -->","yoast_head_json":{"title":"Notre parcours - Scarborough Ontario Health Network - FR","robots":{"index":"index","follow":"follow","max-snippet":"max-snippet:-1","max-image-preview":"max-image-preview:large","max-video-preview":"max-video-preview:-1"},"canonical":"https:\/\/fr.en.soht.ca\/fr\/about-us\/our-journey\/","og_locale":"fr_CA","og_type":"article","og_title":"Notre parcours - Scarborough Ontario Health Network - FR","og_description":"Notre parcours Juin 2022 \u00c9SOS soumet formellement le premier plan collaboratif d&#039;am\u00e9lioration de la qualit\u00e9 Novembre 16 et 19, 2021 \u00c9SOS rassemble les partenaires pour une retraite strat\u00e9gique pour tracer notre chemin vers l&#8217;avenir apr\u00e8s la pand\u00e9mie Novembre 2021 Des membres additional de l&#039;\u00c9SOS sont embarqu\u00e9s pour supporter le R\u00e9seau des m\u00e9decins de famille de [&hellip;]","og_url":"https:\/\/fr.en.soht.ca\/fr\/about-us\/our-journey\/","og_site_name":"Scarborough Ontario Health Network - FR","article_modified_time":"2022-10-18T18:41:59+00:00","og_image":[{"url":"https:\/\/fr.en.soht.ca\/wp-content\/uploads\/sites\/7\/elementor\/thumbs\/journey-pwegrxl7otm8ubf93pyts2u3axmijrum925uo0futs.png"}],"twitter_card":"summary_large_image","twitter_misc":{"Estimation du temps de lecture":"5 minutes"},"schema":{"@context":"https:\/\/schema.org","@graph":[{"@type":"WebPage","@id":"https:\/\/fr.en.soht.ca\/about-us\/our-journey\/","url":"https:\/\/fr.en.soht.ca\/about-us\/our-journey\/","name":"Notre parcours - Scarborough Ontario Health Network - FR","isPartOf":{"@id":"https:\/\/fr.en.soht.ca\/#website"},"datePublished":"2022-06-16T17:56:29+00:00","dateModified":"2022-10-18T18:41:59+00:00","breadcrumb":{"@id":"https:\/\/fr.en.soht.ca\/about-us\/our-journey\/#breadcrumb"},"inLanguage":"fr-CA","potentialAction":[{"@type":"ReadAction","target":["https:\/\/fr.en.soht.ca\/about-us\/our-journey\/"]}]},{"@type":"BreadcrumbList","@id":"https:\/\/fr.en.soht.ca\/about-us\/our-journey\/#breadcrumb","itemListElement":[{"@type":"ListItem","position":1,"name":"Home","item":"https:\/\/fr.en.soht.ca\/"},{"@type":"ListItem","position":2,"name":"\u00c0 propos de nous","item":"https:\/\/fr.en.soht.ca\/about-us\/"},{"@type":"ListItem","position":3,"name":"Notre parcours"}]},{"@type":"WebSite","@id":"https:\/\/fr.en.soht.ca\/#website","url":"https:\/\/fr.en.soht.ca\/","name":"Scarborough Ontario Health Network - FR","description":"","publisher":{"@id":"https:\/\/fr.en.soht.ca\/#organization"},"potentialAction":[{"@type":"SearchAction","target":{"@type":"EntryPoint","urlTemplate":"https:\/\/fr.en.soht.ca\/?s={search_term_string}"},"query-input":"required name=search_term_string"}],"inLanguage":"fr-CA"},{"@type":"Organization","@id":"https:\/\/fr.en.soht.ca\/#organization","name":"Scarborough Ontario Health Network - FR","url":"https:\/\/fr.en.soht.ca\/","logo":{"@type":"ImageObject","inLanguage":"fr-CA","@id":"https:\/\/fr.en.soht.ca\/#\/schema\/logo\/image\/","url":"https:\/\/fr.en.soht.ca\/wp-content\/uploads\/sites\/7\/2022\/08\/cropped-SOHT-Horizontal-Logo-RGB7percent-1.png","contentUrl":"https:\/\/fr.en.soht.ca\/wp-content\/uploads\/sites\/7\/2022\/08\/cropped-SOHT-Horizontal-Logo-RGB7percent-1.png","width":3181,"height":1037,"caption":"Scarborough Ontario Health Network - FR"},"image":{"@id":"https:\/\/fr.en.soht.ca\/#\/schema\/logo\/image\/"}}]}},"post_mailing_queue_ids":[],"_links":{"self":[{"href":"https:\/\/fr.en.soht.ca\/fr\/wp-json\/wp\/v2\/pages\/592","targetHints":{"allow":["GET"]}}],"collection":[{"href":"https:\/\/fr.en.soht.ca\/fr\/wp-json\/wp\/v2\/pages"}],"about":[{"href":"https:\/\/fr.en.soht.ca\/fr\/wp-json\/wp\/v2\/types\/page"}],"author":[{"embeddable":true,"href":"https:\/\/fr.en.soht.ca\/fr\/wp-json\/wp\/v2\/users\/1"}],"replies":[{"embeddable":true,"href":"https:\/\/fr.en.soht.ca\/fr\/wp-json\/wp\/v2\/comments?post=592"}],"version-history":[{"count":87,"href":"https:\/\/fr.en.soht.ca\/fr\/wp-json\/wp\/v2\/pages\/592\/revisions"}],"predecessor-version":[{"id":3906,"href":"https:\/\/fr.en.soht.ca\/fr\/wp-json\/wp\/v2\/pages\/592\/revisions\/3906"}],"up":[{"embeddable":true,"href":"https:\/\/fr.en.soht.ca\/fr\/wp-json\/wp\/v2\/pages\/18"}],"wp:attachment":[{"href":"https:\/\/fr.en.soht.ca\/fr\/wp-json\/wp\/v2\/media?parent=592"}],"curies":[{"name":"wp","href":"https:\/\/api.w.org\/{rel}","templated":true}]}}