{"id":20,"date":"2018-09-13T08:23:28","date_gmt":"2018-09-13T08:23:28","guid":{"rendered":"https:\/\/demo.themegrill.com\/zakra-education\/?page_id=20"},"modified":"2022-10-19T04:53:11","modified_gmt":"2022-10-19T04:53:11","slug":"contact-us","status":"publish","type":"page","link":"https:\/\/fr.en.soht.ca\/fr\/contact-us\/","title":{"rendered":"Contactez-nous"},"content":{"rendered":"<div data-elementor-type=\"wp-post\" data-elementor-id=\"20\" class=\"elementor elementor-20\">\n\t\t\t\t\t\t\t\t\t<section class=\"elementor-section elementor-top-section elementor-element elementor-element-f7243bc elementor-section-stretched elementor-section-boxed elementor-section-height-default elementor-section-height-default\" data-id=\"f7243bc\" data-element_type=\"section\" data-settings=\"{&quot;stretch_section&quot;:&quot;section-stretched&quot;,&quot;background_background&quot;:&quot;classic&quot;}\">\n\t\t\t\t\t\t<div class=\"elementor-container elementor-column-gap-default\">\n\t\t\t\t\t<div class=\"elementor-column elementor-col-100 elementor-top-column elementor-element elementor-element-0bc323d\" data-id=\"0bc323d\" data-element_type=\"column\">\n\t\t\t<div class=\"elementor-widget-wrap elementor-element-populated\">\n\t\t\t\t\t\t\t\t<div class=\"elementor-element elementor-element-6424681 elementor-widget elementor-widget-heading\" data-id=\"6424681\" data-element_type=\"widget\" data-widget_type=\"heading.default\">\n\t\t\t\t<div class=\"elementor-widget-container\">\n\t\t\t<style>\/*! elementor - v3.15.0 - 20-08-2023 *\/\n.elementor-heading-title{padding:0;margin:0;line-height:1}.elementor-widget-heading .elementor-heading-title[class*=elementor-size-]>a{color:inherit;font-size:inherit;line-height:inherit}.elementor-widget-heading .elementor-heading-title.elementor-size-small{font-size:15px}.elementor-widget-heading .elementor-heading-title.elementor-size-medium{font-size:19px}.elementor-widget-heading .elementor-heading-title.elementor-size-large{font-size:29px}.elementor-widget-heading .elementor-heading-title.elementor-size-xl{font-size:39px}.elementor-widget-heading .elementor-heading-title.elementor-size-xxl{font-size:59px}<\/style><h2 class=\"elementor-heading-title elementor-size-default\">Contactez-nous<\/h2>\t\t<\/div>\n\t\t\t\t<\/div>\n\t\t\t\t\t<\/div>\n\t\t<\/div>\n\t\t\t\t\t\t\t<\/div>\n\t\t<\/section>\n\t\t\t\t<section class=\"elementor-section elementor-top-section elementor-element elementor-element-fa0d73e elementor-section-content-middle elementor-section-boxed elementor-section-height-default elementor-section-height-default\" data-id=\"fa0d73e\" data-element_type=\"section\" data-settings=\"{&quot;background_background&quot;:&quot;classic&quot;}\">\n\t\t\t\t\t\t<div class=\"elementor-container elementor-column-gap-default\">\n\t\t\t\t\t<div class=\"elementor-column elementor-col-50 elementor-top-column elementor-element elementor-element-2ad19ba animated-slow elementor-invisible\" data-id=\"2ad19ba\" data-element_type=\"column\" data-settings=\"{&quot;animation&quot;:&quot;slideInLeft&quot;}\">\n\t\t\t<div class=\"elementor-widget-wrap elementor-element-populated\">\n\t\t\t\t\t\t\t\t<div class=\"elementor-element elementor-element-1943069 elementor-widget elementor-widget-shortcode\" data-id=\"1943069\" data-element_type=\"widget\" data-widget_type=\"shortcode.default\">\n\t\t\t\t<div class=\"elementor-widget-container\">\n\t\t\t\t\t<div class=\"elementor-shortcode\"><div class=\"everest-forms\"><div class=\"evf-container default\" id=\"evf-9\"><form id=\"evf-form-9\" class=\"everest-form\" data-formid=\"9\" data-ajax_submission=\"0\" data-keyboard_friendly_form=\"0\" method=\"post\" enctype=\"multipart\/form-data\" action=\"\/fr\/wp-json\/wp\/v2\/pages\/20\" data-trp-original-action=\"\/fr\/wp-json\/wp\/v2\/pages\/20\"><div class=\"evf-field-container\"><input type=\"hidden\" id=\"_wpnonce9\" name=\"_wpnonce9\" value=\"e0363dfceb\" \/><input type=\"hidden\" name=\"_wp_http_referer\" value=\"\/fr\/wp-json\/wp\/v2\/pages\/20\" \/><div class=\"evf-frontend-row\" data-row=\"row_1\" conditional_rules=\"[]\"><div class=\"evf-frontend-grid evf-grid-1\" data-grid=\"grid_1\"><div id=\"evf-9-field_FRqHotGoVc-1-container\" class=\"evf-field evf-field-first-name form-row validate-required\" data-required-field-message=\"This field is required.\" data-field-id=\"FRqHotGoVc-1\"><label class=\"evf-field-label\" for=\"evf-9-field_FRqHotGoVc-1\"><span class=\"evf-label\">Pr\u00e9nom<\/span> <abbr class=\"required\" title=\"Required\">*<\/abbr><\/label><input type=\"text\" id=\"evf-9-field_FRqHotGoVc-1\" class=\"input-text\" name=\"everest_forms[form_fields][FRqHotGoVc-1]\" required><\/div><div id=\"evf-9-field_NZrOJgT3w2-2-container\" class=\"evf-field evf-field-last-name form-row validate-required\" data-required-field-message=\"This field is required.\" data-field-id=\"NZrOJgT3w2-2\"><label class=\"evf-field-label\" for=\"evf-9-field_NZrOJgT3w2-2\"><span class=\"evf-label\">Nom de famille<\/span> <abbr class=\"required\" title=\"Required\">*<\/abbr><\/label><input type=\"text\" id=\"evf-9-field_NZrOJgT3w2-2\" class=\"input-text\" name=\"everest_forms[form_fields][NZrOJgT3w2-2]\" required><\/div><div id=\"evf-9-field_HhEOsK9kVP-3-container\" class=\"evf-field evf-field-select form-row validate-required\" data-required-field-message=\"This field is required.\" data-field-id=\"HhEOsK9kVP-3\"><label class=\"evf-field-label\" for=\"evf-9-field_HhEOsK9kVP-3\"><span class=\"evf-label\">Implication avec l'\u00c9SOS (Veuillez indiquer la cat\u00e9gorie qui d\u00e9crit le mieux votre implication avec l'\u00c9SOS)<\/span> <abbr class=\"required\" title=\"Required\">*<\/abbr><\/label><select id=\"evf-9-field_HhEOsK9kVP-3\" class=\"input-text evf-field-required\" name=\"everest_forms[form_fields][HhEOsK9kVP-3]\" required=\"required\" ><option value=\"Client\/Patient\" >Client\/Patient<\/option><option value=\"Caregiver\" >Aidant naturel<\/option><option value=\"Representative of SOHT Partner Organization\" >Repr\u00e9sentant de l'organisation partenaire de l\u2019\u00c9SOS<\/option><option value=\"Physician\" >M\u00e9decin<\/option><option value=\"Health or Community Care Provider\" >Prestataire de soins de sant\u00e9 ou de soins communautaires<\/option><option value=\"Vendor\" >Vendeur<\/option><option value=\"Other\" >Commande<\/option><\/select><\/div><div id=\"evf-9-field_email-container\" class=\"evf-field evf-field-email form-row validate-required validate-email\" data-required-field-message=\"Please enter a valid email address.\" data-field-id=\"email\"><label class=\"evf-field-label\" for=\"evf-9-field_email\"><span class=\"evf-label\">Adresse courriel<\/span> <abbr class=\"required\" title=\"Required\">*<\/abbr><\/label><input type=\"email\" id=\"evf-9-field_email\" class=\"input-text\" name=\"everest_forms[form_fields][email]\" required><\/div><div id=\"evf-9-field_keDgwOOQn6-4-container\" class=\"evf-field evf-field-text form-row\" data-field-id=\"keDgwOOQn6-4\"><label class=\"evf-field-label\" for=\"evf-9-field_keDgwOOQn6-4\"><span class=\"evf-label\">Num\u00e9ro de t\u00e9l\u00e9phone<\/span> <\/label><input type=\"text\" id=\"evf-9-field_keDgwOOQn6-4\" class=\"input-text evf-masked-input\" data-inputmask-mask=\"999-999-9999\" name=\"everest_forms[form_fields][keDgwOOQn6-4]\" ><\/div><div id=\"evf-9-field_message-container\" class=\"evf-field evf-field-textarea form-row validate-required\" data-required-field-message=\"This field is required.\" data-field-id=\"message\"><label class=\"evf-field-label\" for=\"evf-9-field_message\"><span class=\"evf-label\">Message (limit\u00e9 \u00e0 250 caract\u00e8res)<\/span> <abbr class=\"required\" title=\"Required\">*<\/abbr><\/label><textarea id=\"evf-9-field_message\" class=\"input-text everest-forms-limit-characters-enabled\" data-form-id=\"9\" data-field-id=\"message\" data-text-limit=\"250\" name=\"everest_forms[form_fields][message]\" maxlength=\"250\" required><\/textarea><\/div><\/div><\/div><\/div><div class=\"evf-honeypot-container evf-field-hp\"><label for=\"evf-9-field-hp\" class=\"evf-field-label\">Name<\/label><input type=\"text\" name=\"everest_forms[hp]\" id=\"evf-9-field-hp\" class=\"input-text\"><\/div><div class=\"evf-submit-container\" ><input type=\"hidden\" name=\"everest_forms[id]\" value=\"9\"><input type=\"hidden\" name=\"everest_forms[author]\" value=\"1\"><button type='submit' name='everest_forms[submit]' class='everest-forms-submit-button button evf-submit' id='evf-submit-9' value='evf-submit' data-process-text=\"Processing\u2026\" conditional_rules='&quot;&quot;' conditional_id='evf-submit-9'  aria-live=\"assertive\">Sousmettre<\/button><\/div><input type=\"hidden\" name=\"trp-form-language\" value=\"fr\"\/><\/form><\/div><!-- .evf-container --><\/div><\/div>\n\t\t\t\t<\/div>\n\t\t\t\t<\/div>\n\t\t\t\t\t<\/div>\n\t\t<\/div>\n\t\t\t\t<div class=\"elementor-column elementor-col-50 elementor-top-column elementor-element elementor-element-0c6f38a animated-slow elementor-invisible\" data-id=\"0c6f38a\" data-element_type=\"column\" data-settings=\"{&quot;animation&quot;:&quot;slideInRight&quot;}\">\n\t\t\t<div class=\"elementor-widget-wrap elementor-element-populated\">\n\t\t\t\t\t\t\t\t<div class=\"elementor-element elementor-element-fd7fa99 elementor-widget elementor-widget-heading\" data-id=\"fd7fa99\" data-element_type=\"widget\" data-widget_type=\"heading.default\">\n\t\t\t\t<div class=\"elementor-widget-container\">\n\t\t\t<h4 class=\"elementor-heading-title elementor-size-default\">Localisation<\/h4>\t\t<\/div>\n\t\t\t\t<\/div>\n\t\t\t\t<div class=\"elementor-element elementor-element-0f50d77 elementor-widget elementor-widget-text-editor\" data-id=\"0f50d77\" data-element_type=\"widget\" data-widget_type=\"text-editor.default\">\n\t\t\t\t<div class=\"elementor-widget-container\">\n\t\t\t<style>\/*! elementor - v3.15.0 - 20-08-2023 *\/\n.elementor-widget-text-editor.elementor-drop-cap-view-stacked .elementor-drop-cap{background-color:#69727d;color:#fff}.elementor-widget-text-editor.elementor-drop-cap-view-framed .elementor-drop-cap{color:#69727d;border:3px solid;background-color:transparent}.elementor-widget-text-editor:not(.elementor-drop-cap-view-default) .elementor-drop-cap{margin-top:8px}.elementor-widget-text-editor:not(.elementor-drop-cap-view-default) .elementor-drop-cap-letter{width:1em;height:1em}.elementor-widget-text-editor .elementor-drop-cap{float:left;text-align:center;line-height:1;font-size:50px}.elementor-widget-text-editor .elementor-drop-cap-letter{display:inline-block}<\/style>\t\t\t\t<p>L&#8217;\u00c9quipe Sant\u00e9 Ontario de Scarborough<br \/>c\/o Scarborough Centre for Healthy Communities<br \/>520 Ellesmere Road, Suite 303<br \/>Scarborough, ON<br \/>M1R 0B1<\/p>\t\t\t\t\t\t<\/div>\n\t\t\t\t<\/div>\n\t\t\t\t<div class=\"elementor-element elementor-element-82a0ede elementor-widget elementor-widget-heading\" data-id=\"82a0ede\" data-element_type=\"widget\" data-widget_type=\"heading.default\">\n\t\t\t\t<div class=\"elementor-widget-container\">\n\t\t\t<h4 class=\"elementor-heading-title elementor-size-default\">Courriel<\/h4>\t\t<\/div>\n\t\t\t\t<\/div>\n\t\t\t\t<div class=\"elementor-element elementor-element-8275511 elementor-widget elementor-widget-text-editor\" data-id=\"8275511\" data-element_type=\"widget\" data-widget_type=\"text-editor.default\">\n\t\t\t\t<div class=\"elementor-widget-container\">\n\t\t\t\t\t\t\t<a style=\"color: #ffffff;\" href=\"mailto:ScarboroughOHT@shn.ca\">ScarboroughOHT@shn.ca<\/a>\t\t\t\t\t\t<\/div>\n\t\t\t\t<\/div>\n\t\t\t\t<div class=\"elementor-element elementor-element-8bc602e elementor-widget elementor-widget-heading\" data-id=\"8bc602e\" data-element_type=\"widget\" data-widget_type=\"heading.default\">\n\t\t\t\t<div class=\"elementor-widget-container\">\n\t\t\t<h4 class=\"elementor-heading-title elementor-size-default\">Suivez-nous sur :<\/h4>\t\t<\/div>\n\t\t\t\t<\/div>\n\t\t\t\t<div class=\"elementor-element elementor-element-53d5867 e-grid-align-left elementor-shape-rounded elementor-grid-0 elementor-widget elementor-widget-social-icons\" data-id=\"53d5867\" data-element_type=\"widget\" data-widget_type=\"social-icons.default\">\n\t\t\t\t<div class=\"elementor-widget-container\">\n\t\t\t<style>\/*! elementor - v3.15.0 - 20-08-2023 *\/\n.elementor-widget-social-icons.elementor-grid-0 .elementor-widget-container,.elementor-widget-social-icons.elementor-grid-mobile-0 .elementor-widget-container,.elementor-widget-social-icons.elementor-grid-tablet-0 .elementor-widget-container{line-height:1;font-size:0}.elementor-widget-social-icons:not(.elementor-grid-0):not(.elementor-grid-tablet-0):not(.elementor-grid-mobile-0) .elementor-grid{display:inline-grid}.elementor-widget-social-icons .elementor-grid{grid-column-gap:var(--grid-column-gap,5px);grid-row-gap:var(--grid-row-gap,5px);grid-template-columns:var(--grid-template-columns);justify-content:var(--justify-content,center);justify-items:var(--justify-content,center)}.elementor-icon.elementor-social-icon{font-size:var(--icon-size,25px);line-height:var(--icon-size,25px);width:calc(var(--icon-size, 25px) + (2 * var(--icon-padding, .5em)));height:calc(var(--icon-size, 25px) + (2 * var(--icon-padding, .5em)))}.elementor-social-icon{--e-social-icon-icon-color:#fff;display:inline-flex;background-color:#69727d;align-items:center;justify-content:center;text-align:center;cursor:pointer}.elementor-social-icon i{color:var(--e-social-icon-icon-color)}.elementor-social-icon svg{fill:var(--e-social-icon-icon-color)}.elementor-social-icon:last-child{margin:0}.elementor-social-icon:hover{opacity:.9;color:#fff}.elementor-social-icon-android{background-color:#a4c639}.elementor-social-icon-apple{background-color:#999}.elementor-social-icon-behance{background-color:#1769ff}.elementor-social-icon-bitbucket{background-color:#205081}.elementor-social-icon-codepen{background-color:#000}.elementor-social-icon-delicious{background-color:#39f}.elementor-social-icon-deviantart{background-color:#05cc47}.elementor-social-icon-digg{background-color:#005be2}.elementor-social-icon-dribbble{background-color:#ea4c89}.elementor-social-icon-elementor{background-color:#d30c5c}.elementor-social-icon-envelope{background-color:#ea4335}.elementor-social-icon-facebook,.elementor-social-icon-facebook-f{background-color:#3b5998}.elementor-social-icon-flickr{background-color:#0063dc}.elementor-social-icon-foursquare{background-color:#2d5be3}.elementor-social-icon-free-code-camp,.elementor-social-icon-freecodecamp{background-color:#006400}.elementor-social-icon-github{background-color:#333}.elementor-social-icon-gitlab{background-color:#e24329}.elementor-social-icon-globe{background-color:#69727d}.elementor-social-icon-google-plus,.elementor-social-icon-google-plus-g{background-color:#dd4b39}.elementor-social-icon-houzz{background-color:#7ac142}.elementor-social-icon-instagram{background-color:#262626}.elementor-social-icon-jsfiddle{background-color:#487aa2}.elementor-social-icon-link{background-color:#818a91}.elementor-social-icon-linkedin,.elementor-social-icon-linkedin-in{background-color:#0077b5}.elementor-social-icon-medium{background-color:#00ab6b}.elementor-social-icon-meetup{background-color:#ec1c40}.elementor-social-icon-mixcloud{background-color:#273a4b}.elementor-social-icon-odnoklassniki{background-color:#f4731c}.elementor-social-icon-pinterest{background-color:#bd081c}.elementor-social-icon-product-hunt{background-color:#da552f}.elementor-social-icon-reddit{background-color:#ff4500}.elementor-social-icon-rss{background-color:#f26522}.elementor-social-icon-shopping-cart{background-color:#4caf50}.elementor-social-icon-skype{background-color:#00aff0}.elementor-social-icon-slideshare{background-color:#0077b5}.elementor-social-icon-snapchat{background-color:#fffc00}.elementor-social-icon-soundcloud{background-color:#f80}.elementor-social-icon-spotify{background-color:#2ebd59}.elementor-social-icon-stack-overflow{background-color:#fe7a15}.elementor-social-icon-steam{background-color:#00adee}.elementor-social-icon-stumbleupon{background-color:#eb4924}.elementor-social-icon-telegram{background-color:#2ca5e0}.elementor-social-icon-thumb-tack{background-color:#1aa1d8}.elementor-social-icon-tripadvisor{background-color:#589442}.elementor-social-icon-tumblr{background-color:#35465c}.elementor-social-icon-twitch{background-color:#6441a5}.elementor-social-icon-twitter{background-color:#1da1f2}.elementor-social-icon-viber{background-color:#665cac}.elementor-social-icon-vimeo{background-color:#1ab7ea}.elementor-social-icon-vk{background-color:#45668e}.elementor-social-icon-weibo{background-color:#dd2430}.elementor-social-icon-weixin{background-color:#31a918}.elementor-social-icon-whatsapp{background-color:#25d366}.elementor-social-icon-wordpress{background-color:#21759b}.elementor-social-icon-xing{background-color:#026466}.elementor-social-icon-yelp{background-color:#af0606}.elementor-social-icon-youtube{background-color:#cd201f}.elementor-social-icon-500px{background-color:#0099e5}.elementor-shape-rounded .elementor-icon.elementor-social-icon{border-radius:10%}.elementor-shape-circle .elementor-icon.elementor-social-icon{border-radius:50%}<\/style>\t\t<div class=\"elementor-social-icons-wrapper elementor-grid\">\n\t\t\t\t\t\t\t<span class=\"elementor-grid-item\">\n\t\t\t\t\t<a class=\"elementor-icon elementor-social-icon elementor-social-icon-twitter elementor-repeater-item-e375149\" target=\"_blank\">\n\t\t\t\t\t\t<span class=\"elementor-screen-only\">Twitter<\/span>\n\t\t\t\t\t\t<i class=\"fab fa-twitter\"><\/i>\t\t\t\t\t<\/a>\n\t\t\t\t<\/span>\n\t\t\t\t\t<\/div>\n\t\t\t\t<\/div>\n\t\t\t\t<\/div>\n\t\t\t\t\t<\/div>\n\t\t<\/div>\n\t\t\t\t\t\t\t<\/div>\n\t\t<\/section>\n\t\t\t\t<section class=\"elementor-section elementor-top-section elementor-element elementor-element-12084cb elementor-section-full_width elementor-section-height-default elementor-section-height-default\" data-id=\"12084cb\" data-element_type=\"section\">\n\t\t\t\t\t\t<div class=\"elementor-container elementor-column-gap-no\">\n\t\t\t\t\t<div class=\"elementor-column elementor-col-100 elementor-top-column elementor-element elementor-element-f9b4bf5\" data-id=\"f9b4bf5\" data-element_type=\"column\" data-settings=\"{&quot;background_background&quot;:&quot;classic&quot;}\">\n\t\t\t<div class=\"elementor-widget-wrap elementor-element-populated\">\n\t\t\t\t\t\t\t\t<div class=\"elementor-element elementor-element-b0c6bd1 elementor-widget elementor-widget-google_maps\" data-id=\"b0c6bd1\" data-element_type=\"widget\" data-widget_type=\"google_maps.default\">\n\t\t\t\t<div class=\"elementor-widget-container\">\n\t\t\t<style>\/*! elementor - v3.15.0 - 20-08-2023 *\/\n.elementor-widget-google_maps .elementor-widget-container{overflow:hidden}.elementor-widget-google_maps .elementor-custom-embed{line-height:0}.elementor-widget-google_maps iframe{height:300px}<\/style>\t\t<div class=\"elementor-custom-embed\">\n\t\t\t<iframe loading=\"lazy\"\n\t\t\t\t\tsrc=\"https:\/\/maps.google.com\/maps?q=520%20Ellesmere%20Road%2C%20Suite%20303%20Scarborough%2C%20ON%20M1R%200B1&#038;t=m&#038;z=15&#038;output=embed&#038;iwloc=near\"\n\t\t\t\t\ttitle=\"520 Ellesmere Road, Suite 303 Scarborough, ON M1R 0B1\"\n\t\t\t\t\taria-label=\"520 Ellesmere Road, Suite 303 Scarborough, ON M1R 0B1\"\n\t\t\t><\/iframe>\n\t\t<\/div>\n\t\t\t\t<\/div>\n\t\t\t\t<\/div>\n\t\t\t\t\t<\/div>\n\t\t<\/div>\n\t\t\t\t\t\t\t<\/div>\n\t\t<\/section>\n\t\t\t\t\t\t\t<\/div>","protected":false},"excerpt":{"rendered":"<p>Contactez-nous Localisation L&#8217;\u00c9quipe Sant\u00e9 Ontario de Scarboroughc\/o Scarborough Centre for Healthy Communities520 Ellesmere Road, Suite 303Scarborough, ONM1R 0B1 Courriel ScarboroughOHT@shn.ca Suivez-nous sur : Twitter<\/p>","protected":false},"author":1,"featured_media":0,"parent":0,"menu_order":0,"comment_status":"closed","ping_status":"closed","template":"page-templates\/pagebuilder.php","meta":{"footnotes":""},"class_list":["post-20","page","type-page","status-publish","hentry"],"yoast_head":"<!-- This site is optimized with the Yoast SEO plugin v21.0 - https:\/\/yoast.com\/wordpress\/plugins\/seo\/ -->\n<title>Contactez-nous - Scarborough Ontario Health Network - FR<\/title>\n<meta name=\"robots\" content=\"index, follow, max-snippet:-1, max-image-preview:large, max-video-preview:-1\" \/>\n<link rel=\"canonical\" href=\"https:\/\/fr.en.soht.ca\/fr\/contact-us\/\" \/>\n<meta property=\"og:locale\" content=\"fr_CA\" \/>\n<meta property=\"og:type\" content=\"article\" \/>\n<meta property=\"og:title\" content=\"Contactez-nous - Scarborough Ontario Health Network - FR\" \/>\n<meta property=\"og:description\" content=\"Contactez-nous Localisation L&#8217;\u00c9quipe Sant\u00e9 Ontario de Scarboroughc\/o Scarborough Centre for Healthy Communities520 Ellesmere Road, Suite 303Scarborough, ONM1R 0B1 Courriel ScarboroughOHT@shn.ca Suivez-nous sur : Twitter\" \/>\n<meta property=\"og:url\" content=\"https:\/\/fr.en.soht.ca\/fr\/contact-us\/\" \/>\n<meta property=\"og:site_name\" content=\"Scarborough Ontario Health Network - FR\" \/>\n<meta property=\"article:modified_time\" content=\"2022-10-19T04:53:11+00:00\" \/>\n<meta name=\"twitter:card\" content=\"summary_large_image\" \/>\n<meta name=\"twitter:label1\" content=\"Estimation du temps de lecture\" \/>\n\t<meta name=\"twitter:data1\" content=\"1 minute\" \/>\n<script type=\"application\/ld+json\" class=\"yoast-schema-graph\">{\"@context\":\"https:\/\/schema.org\",\"@graph\":[{\"@type\":\"WebPage\",\"@id\":\"https:\/\/fr.en.soht.ca\/contact-us\/\",\"url\":\"https:\/\/fr.en.soht.ca\/contact-us\/\",\"name\":\"Contactez-nous - Scarborough Ontario Health Network - FR\",\"isPartOf\":{\"@id\":\"https:\/\/fr.en.soht.ca\/#website\"},\"datePublished\":\"2018-09-13T08:23:28+00:00\",\"dateModified\":\"2022-10-19T04:53:11+00:00\",\"breadcrumb\":{\"@id\":\"https:\/\/fr.en.soht.ca\/contact-us\/#breadcrumb\"},\"inLanguage\":\"fr-CA\",\"potentialAction\":[{\"@type\":\"ReadAction\",\"target\":[\"https:\/\/fr.en.soht.ca\/contact-us\/\"]}]},{\"@type\":\"BreadcrumbList\",\"@id\":\"https:\/\/fr.en.soht.ca\/contact-us\/#breadcrumb\",\"itemListElement\":[{\"@type\":\"ListItem\",\"position\":1,\"name\":\"Home\",\"item\":\"https:\/\/fr.en.soht.ca\/\"},{\"@type\":\"ListItem\",\"position\":2,\"name\":\"Contactez-nous\"}]},{\"@type\":\"WebSite\",\"@id\":\"https:\/\/fr.en.soht.ca\/#website\",\"url\":\"https:\/\/fr.en.soht.ca\/\",\"name\":\"Scarborough Ontario Health Network - FR\",\"description\":\"\",\"publisher\":{\"@id\":\"https:\/\/fr.en.soht.ca\/#organization\"},\"potentialAction\":[{\"@type\":\"SearchAction\",\"target\":{\"@type\":\"EntryPoint\",\"urlTemplate\":\"https:\/\/fr.en.soht.ca\/?s={search_term_string}\"},\"query-input\":\"required name=search_term_string\"}],\"inLanguage\":\"fr-CA\"},{\"@type\":\"Organization\",\"@id\":\"https:\/\/fr.en.soht.ca\/#organization\",\"name\":\"Scarborough Ontario Health Network - FR\",\"url\":\"https:\/\/fr.en.soht.ca\/\",\"logo\":{\"@type\":\"ImageObject\",\"inLanguage\":\"fr-CA\",\"@id\":\"https:\/\/fr.en.soht.ca\/#\/schema\/logo\/image\/\",\"url\":\"https:\/\/fr.en.soht.ca\/wp-content\/uploads\/sites\/7\/2022\/08\/cropped-SOHT-Horizontal-Logo-RGB7percent-1.png\",\"contentUrl\":\"https:\/\/fr.en.soht.ca\/wp-content\/uploads\/sites\/7\/2022\/08\/cropped-SOHT-Horizontal-Logo-RGB7percent-1.png\",\"width\":3181,\"height\":1037,\"caption\":\"Scarborough Ontario Health Network - FR\"},\"image\":{\"@id\":\"https:\/\/fr.en.soht.ca\/#\/schema\/logo\/image\/\"}}]}<\/script>\n<!-- \/ Yoast SEO plugin. -->","yoast_head_json":{"title":"Contactez-nous - Scarborough Ontario Health Network - FR","robots":{"index":"index","follow":"follow","max-snippet":"max-snippet:-1","max-image-preview":"max-image-preview:large","max-video-preview":"max-video-preview:-1"},"canonical":"https:\/\/fr.en.soht.ca\/fr\/contact-us\/","og_locale":"fr_CA","og_type":"article","og_title":"Contactez-nous - Scarborough Ontario Health Network - FR","og_description":"Contactez-nous Localisation L&#8217;\u00c9quipe Sant\u00e9 Ontario de Scarboroughc\/o Scarborough Centre for Healthy Communities520 Ellesmere Road, Suite 303Scarborough, ONM1R 0B1 Courriel ScarboroughOHT@shn.ca Suivez-nous sur : Twitter","og_url":"https:\/\/fr.en.soht.ca\/fr\/contact-us\/","og_site_name":"Scarborough Ontario Health Network - FR","article_modified_time":"2022-10-19T04:53:11+00:00","twitter_card":"summary_large_image","twitter_misc":{"Estimation du temps de lecture":"1 minute"},"schema":{"@context":"https:\/\/schema.org","@graph":[{"@type":"WebPage","@id":"https:\/\/fr.en.soht.ca\/contact-us\/","url":"https:\/\/fr.en.soht.ca\/contact-us\/","name":"Contactez-nous - Scarborough Ontario Health Network - FR","isPartOf":{"@id":"https:\/\/fr.en.soht.ca\/#website"},"datePublished":"2018-09-13T08:23:28+00:00","dateModified":"2022-10-19T04:53:11+00:00","breadcrumb":{"@id":"https:\/\/fr.en.soht.ca\/contact-us\/#breadcrumb"},"inLanguage":"fr-CA","potentialAction":[{"@type":"ReadAction","target":["https:\/\/fr.en.soht.ca\/contact-us\/"]}]},{"@type":"BreadcrumbList","@id":"https:\/\/fr.en.soht.ca\/contact-us\/#breadcrumb","itemListElement":[{"@type":"ListItem","position":1,"name":"Home","item":"https:\/\/fr.en.soht.ca\/"},{"@type":"ListItem","position":2,"name":"Contactez-nous"}]},{"@type":"WebSite","@id":"https:\/\/fr.en.soht.ca\/#website","url":"https:\/\/fr.en.soht.ca\/","name":"Scarborough Ontario Health Network - FR","description":"","publisher":{"@id":"https:\/\/fr.en.soht.ca\/#organization"},"potentialAction":[{"@type":"SearchAction","target":{"@type":"EntryPoint","urlTemplate":"https:\/\/fr.en.soht.ca\/?s={search_term_string}"},"query-input":"required name=search_term_string"}],"inLanguage":"fr-CA"},{"@type":"Organization","@id":"https:\/\/fr.en.soht.ca\/#organization","name":"Scarborough Ontario Health Network - FR","url":"https:\/\/fr.en.soht.ca\/","logo":{"@type":"ImageObject","inLanguage":"fr-CA","@id":"https:\/\/fr.en.soht.ca\/#\/schema\/logo\/image\/","url":"https:\/\/fr.en.soht.ca\/wp-content\/uploads\/sites\/7\/2022\/08\/cropped-SOHT-Horizontal-Logo-RGB7percent-1.png","contentUrl":"https:\/\/fr.en.soht.ca\/wp-content\/uploads\/sites\/7\/2022\/08\/cropped-SOHT-Horizontal-Logo-RGB7percent-1.png","width":3181,"height":1037,"caption":"Scarborough Ontario Health Network - FR"},"image":{"@id":"https:\/\/fr.en.soht.ca\/#\/schema\/logo\/image\/"}}]}},"post_mailing_queue_ids":[],"_links":{"self":[{"href":"https:\/\/fr.en.soht.ca\/fr\/wp-json\/wp\/v2\/pages\/20","targetHints":{"allow":["GET"]}}],"collection":[{"href":"https:\/\/fr.en.soht.ca\/fr\/wp-json\/wp\/v2\/pages"}],"about":[{"href":"https:\/\/fr.en.soht.ca\/fr\/wp-json\/wp\/v2\/types\/page"}],"author":[{"embeddable":true,"href":"https:\/\/fr.en.soht.ca\/fr\/wp-json\/wp\/v2\/users\/1"}],"replies":[{"embeddable":true,"href":"https:\/\/fr.en.soht.ca\/fr\/wp-json\/wp\/v2\/comments?post=20"}],"version-history":[{"count":64,"href":"https:\/\/fr.en.soht.ca\/fr\/wp-json\/wp\/v2\/pages\/20\/revisions"}],"predecessor-version":[{"id":4005,"href":"https:\/\/fr.en.soht.ca\/fr\/wp-json\/wp\/v2\/pages\/20\/revisions\/4005"}],"wp:attachment":[{"href":"https:\/\/fr.en.soht.ca\/fr\/wp-json\/wp\/v2\/media?parent=20"}],"curies":[{"name":"wp","href":"https:\/\/api.w.org\/{rel}","templated":true}]}}