{"id":16,"date":"2018-09-13T08:23:04","date_gmt":"2018-09-13T08:23:04","guid":{"rendered":"https:\/\/demo.themegrill.com\/zakra-education\/?page_id=16"},"modified":"2022-10-19T04:51:42","modified_gmt":"2022-10-19T04:51:42","slug":"news","status":"publish","type":"page","link":"https:\/\/fr.en.soht.ca\/ch\/news\/","title":{"rendered":"Nouvelles"},"content":{"rendered":"<div data-elementor-type=\"wp-post\" data-elementor-id=\"16\" class=\"elementor elementor-16\">\n\t\t\t\t\t\t\t\t\t<section class=\"elementor-section elementor-top-section elementor-element elementor-element-058380f elementor-section-boxed elementor-section-height-default elementor-section-height-default\" data-id=\"058380f\" data-element_type=\"section\">\n\t\t\t\t\t\t<div class=\"elementor-container elementor-column-gap-default\">\n\t\t\t\t\t<div class=\"elementor-column elementor-col-100 elementor-top-column elementor-element elementor-element-52adb75\" data-id=\"52adb75\" data-element_type=\"column\">\n\t\t\t<div class=\"elementor-widget-wrap elementor-element-populated\">\n\t\t\t\t\t\t\t\t<div class=\"elementor-element elementor-element-f3388c4 elementor-widget elementor-widget-heading\" data-id=\"f3388c4\" data-element_type=\"widget\" data-widget_type=\"heading.default\">\n\t\t\t\t<div class=\"elementor-widget-container\">\n\t\t\t<style>\/*! elementor - v3.15.0 - 20-08-2023 *\/\n.elementor-heading-title{padding:0;margin:0;line-height:1}.elementor-widget-heading .elementor-heading-title[class*=elementor-size-]>a{color:inherit;font-size:inherit;line-height:inherit}.elementor-widget-heading .elementor-heading-title.elementor-size-small{font-size:15px}.elementor-widget-heading .elementor-heading-title.elementor-size-medium{font-size:19px}.elementor-widget-heading .elementor-heading-title.elementor-size-large{font-size:29px}.elementor-widget-heading .elementor-heading-title.elementor-size-xl{font-size:39px}.elementor-widget-heading .elementor-heading-title.elementor-size-xxl{font-size:59px}<\/style><h2 class=\"elementor-heading-title elementor-size-default\">Nouvelles<\/h2>\t\t<\/div>\n\t\t\t\t<\/div>\n\t\t\t\t\t<\/div>\n\t\t<\/div>\n\t\t\t\t\t\t\t<\/div>\n\t\t<\/section>\n\t\t\t\t<section data-pa-eq-height=\"{&quot;targetType&quot;:&quot;custom&quot;,&quot;target&quot;:[&quot;.eael-grid-post-holder&quot;,&quot; eael-grid-post-holder-inner&quot;,&quot; eael-post-grid-column&quot;,&quot; eael-grid-post&quot;,&quot; eael-post-grid&quot;],&quot;enableOn&quot;:[&quot;desktop&quot;,&quot;tablet&quot;,&quot;mobile&quot;]}\" class=\"elementor-section elementor-top-section elementor-element elementor-element-2aa31bc premium-equal-height-yes elementor-section-boxed elementor-section-height-default elementor-section-height-default\" data-id=\"2aa31bc\" data-element_type=\"section\" data-settings=\"{&quot;premium_eq_height_switcher&quot;:&quot;yes&quot;}\">\n\t\t\t\t\t\t<div class=\"elementor-container elementor-column-gap-default\">\n\t\t\t\t\t<div class=\"elementor-column elementor-col-100 elementor-top-column elementor-element elementor-element-165958d\" data-id=\"165958d\" data-element_type=\"column\">\n\t\t\t<div class=\"elementor-widget-wrap elementor-element-populated\">\n\t\t\t\t\t\t\t\t<div class=\"elementor-element elementor-element-bfb9de4 elementor-grid-eael-col-3 elementor-grid-tablet-eael-col-2 elementor-grid-mobile-eael-col-1 elementor-widget elementor-widget-eael-post-grid\" data-id=\"bfb9de4\" data-element_type=\"widget\" data-settings=\"{&quot;eael_post_grid_columns&quot;:&quot;eael-col-3&quot;,&quot;eael_post_grid_columns_tablet&quot;:&quot;eael-col-2&quot;,&quot;eael_post_grid_columns_mobile&quot;:&quot;eael-col-1&quot;}\" data-widget_type=\"eael-post-grid.default\">\n\t\t\t\t<div class=\"elementor-widget-container\">\n\t\t\t<div id=\"eael-post-grid-bfb9de4\" class=\"eael-post-grid-container\">\n            <div class=\"eael-post-grid eael-post-appender eael-post-appender-bfb9de4 eael-post-grid-style-default\" data-layout-mode=\"grid\"><article class=\"eael-grid-post eael-post-grid-column\" data-id=\"1\">\n        <div class=\"eael-grid-post-holder\">\n            <div class=\"eael-grid-post-holder-inner\"><div class=\"eael-entry-media\"><div class=\"eael-entry-overlay fade-in\"><i class=\"fas fa-long-arrow-alt-right\" aria-hidden=\"true\"><\/i><a href=\"https:\/\/fr.en.soht.ca\/ch\/blog\/2022\/07\/04\/farid-ahmad-rahmani\/\"><\/a><\/div><div class=\"eael-entry-thumbnail\">\n                <img loading=\"lazy\" decoding=\"async\" width=\"300\" height=\"197\" src=\"https:\/\/fr.en.soht.ca\/wp-content\/uploads\/sites\/7\/2022\/05\/Farid-Ahmad-Rahmani-post-300x197.jpg\" class=\"attachment-medium size-medium wp-image-2331\" alt=\"Farid Ahmad Rahmani Joins SOHT as Community Engagement Specialist\" srcset=\"https:\/\/fr.en.soht.ca\/wp-content\/uploads\/sites\/7\/2022\/05\/Farid-Ahmad-Rahmani-post-300x197.jpg 300w, https:\/\/fr.en.soht.ca\/wp-content\/uploads\/sites\/7\/2022\/05\/Farid-Ahmad-Rahmani-post.jpg 368w\" sizes=\"auto, (max-width: 300px) 100vw, 300px\" \/>\n            <\/div>\n        <\/div><div class=\"eael-entry-wrapper\"><header class=\"eael-entry-header\"><h2 class=\"eael-entry-title\"><a\n                        class=\"eael-grid-post-link\"\n                        href=\"https:\/\/fr.en.soht.ca\/ch\/blog\/2022\/07\/04\/farid-ahmad-rahmani\/\"\n                        title=\"Farid Ahmad Rahmani Joins SOHT as Community Engagement Specialist\">Farid Ahmad Rahmani Joins SOHT as Community Engagement Specialist<\/a><\/h2><\/header><\/div><\/div>\n        <\/div>\n    <\/article><article class=\"eael-grid-post eael-post-grid-column\" data-id=\"2339\">\n        <div class=\"eael-grid-post-holder\">\n            <div class=\"eael-grid-post-holder-inner\"><div class=\"eael-entry-media\"><div class=\"eael-entry-overlay fade-in\"><i class=\"fas fa-long-arrow-alt-right\" aria-hidden=\"true\"><\/i><a href=\"https:\/\/fr.en.soht.ca\/ch\/blog\/2022\/07\/04\/scarborough-ohts-rebranding\/\"><\/a><\/div><div class=\"eael-entry-thumbnail\">\n                <img loading=\"lazy\" decoding=\"async\" width=\"300\" height=\"197\" src=\"https:\/\/fr.en.soht.ca\/wp-content\/uploads\/sites\/7\/2022\/07\/vertical-logo-368x242-1-300x197.jpg\" class=\"attachment-medium size-medium wp-image-2556\" alt=\"Scarborough Ontario Health Network\" srcset=\"https:\/\/fr.en.soht.ca\/wp-content\/uploads\/sites\/7\/2022\/07\/vertical-logo-368x242-1-300x197.jpg 300w, https:\/\/fr.en.soht.ca\/wp-content\/uploads\/sites\/7\/2022\/07\/vertical-logo-368x242-1-1024x673.jpg 1024w, https:\/\/fr.en.soht.ca\/wp-content\/uploads\/sites\/7\/2022\/07\/vertical-logo-368x242-1-768x505.jpg 768w, https:\/\/fr.en.soht.ca\/wp-content\/uploads\/sites\/7\/2022\/07\/vertical-logo-368x242-1-1536x1010.jpg 1536w, https:\/\/fr.en.soht.ca\/wp-content\/uploads\/sites\/7\/2022\/07\/vertical-logo-368x242-1-2048x1347.jpg 2048w\" sizes=\"auto, (max-width: 300px) 100vw, 300px\" \/>\n            <\/div>\n        <\/div><div class=\"eael-entry-wrapper\"><header class=\"eael-entry-header\"><h2 class=\"eael-entry-title\"><a\n                        class=\"eael-grid-post-link\"\n                        href=\"https:\/\/fr.en.soht.ca\/ch\/blog\/2022\/07\/04\/scarborough-ohts-rebranding\/\"\n                        title=\"Scarborough OHT\u2019s Rebranding!\">Scarborough OHT\u2019s Rebranding!<\/a><\/h2><\/header><\/div><\/div>\n        <\/div>\n    <\/article><article class=\"eael-grid-post eael-post-grid-column\" data-id=\"2382\">\n        <div class=\"eael-grid-post-holder\">\n            <div class=\"eael-grid-post-holder-inner\"><div class=\"eael-entry-media\"><div class=\"eael-entry-overlay fade-in\"><i class=\"fas fa-long-arrow-alt-right\" aria-hidden=\"true\"><\/i><a href=\"https:\/\/fr.en.soht.ca\/ch\/blog\/2022\/06\/27\/toronto-pride-2022\/\"><\/a><\/div><div class=\"eael-entry-thumbnail\">\n                <img loading=\"lazy\" decoding=\"async\" width=\"300\" height=\"197\" src=\"https:\/\/fr.en.soht.ca\/wp-content\/uploads\/sites\/7\/2022\/08\/pride-300x197.jpg\" class=\"attachment-medium size-medium wp-image-2383\" alt=\"SOHT at Toronto Pride 2022\" srcset=\"https:\/\/fr.en.soht.ca\/wp-content\/uploads\/sites\/7\/2022\/08\/pride-300x197.jpg 300w, https:\/\/fr.en.soht.ca\/wp-content\/uploads\/sites\/7\/2022\/08\/pride.jpg 368w\" sizes=\"auto, (max-width: 300px) 100vw, 300px\" \/>\n            <\/div>\n        <\/div><div class=\"eael-entry-wrapper\"><header class=\"eael-entry-header\"><h2 class=\"eael-entry-title\"><a\n                        class=\"eael-grid-post-link\"\n                        href=\"https:\/\/fr.en.soht.ca\/ch\/blog\/2022\/06\/27\/toronto-pride-2022\/\"\n                        title=\"SOHT at Toronto Pride 2022\">SOHT at Toronto Pride 2022<\/a><\/h2><\/header><\/div><\/div>\n        <\/div>\n    <\/article><article class=\"eael-grid-post eael-post-grid-column\" data-id=\"2390\">\n        <div class=\"eael-grid-post-holder\">\n            <div class=\"eael-grid-post-holder-inner\"><div class=\"eael-entry-media\"><div class=\"eael-entry-overlay fade-in\"><i class=\"fas fa-long-arrow-alt-right\" aria-hidden=\"true\"><\/i><a href=\"https:\/\/fr.en.soht.ca\/ch\/blog\/2022\/06\/22\/chris-alappat\/\"><\/a><\/div><div class=\"eael-entry-thumbnail\">\n                <img loading=\"lazy\" decoding=\"async\" width=\"300\" height=\"197\" src=\"https:\/\/fr.en.soht.ca\/wp-content\/uploads\/sites\/7\/2022\/08\/chris-300x197.jpg\" class=\"attachment-medium size-medium wp-image-2391\" alt=\"SOHT&#039;s New Digital Health Lead: Chris Alappat\" srcset=\"https:\/\/fr.en.soht.ca\/wp-content\/uploads\/sites\/7\/2022\/08\/chris-300x197.jpg 300w, https:\/\/fr.en.soht.ca\/wp-content\/uploads\/sites\/7\/2022\/08\/chris.jpg 368w\" sizes=\"auto, (max-width: 300px) 100vw, 300px\" \/>\n            <\/div>\n        <\/div><div class=\"eael-entry-wrapper\"><header class=\"eael-entry-header\"><h2 class=\"eael-entry-title\"><a\n                        class=\"eael-grid-post-link\"\n                        href=\"https:\/\/fr.en.soht.ca\/ch\/blog\/2022\/06\/22\/chris-alappat\/\"\n                        title=\"SOHT&#8217;s New Digital Health Lead: Chris Alappat\">SOHT&#8217;s New Digital Health Lead: Chris Alappat<\/a><\/h2><\/header><\/div><\/div>\n        <\/div>\n    <\/article><\/div>\n            <div class=\"clearfix\"><\/div>\n        <\/div>\t\t<\/div>\n\t\t\t\t<\/div>\n\t\t\t\t\t<\/div>\n\t\t<\/div>\n\t\t\t\t\t\t\t<\/div>\n\t\t<\/section>\n\t\t\t\t<section class=\"elementor-section elementor-top-section elementor-element elementor-element-3c044d1 elementor-section-boxed elementor-section-height-default elementor-section-height-default\" data-id=\"3c044d1\" data-element_type=\"section\">\n\t\t\t\t\t\t<div class=\"elementor-container elementor-column-gap-default\">\n\t\t\t\t\t<div class=\"elementor-column elementor-col-100 elementor-top-column elementor-element elementor-element-dab242a\" data-id=\"dab242a\" data-element_type=\"column\">\n\t\t\t<div class=\"elementor-widget-wrap elementor-element-populated\">\n\t\t\t\t\t\t\t\t<div class=\"elementor-element elementor-element-0cb8e40 elementor-widget elementor-widget-text-editor\" data-id=\"0cb8e40\" data-element_type=\"widget\" data-widget_type=\"text-editor.default\">\n\t\t\t\t<div class=\"elementor-widget-container\">\n\t\t\t<style>\/*! elementor - v3.15.0 - 20-08-2023 *\/\n.elementor-widget-text-editor.elementor-drop-cap-view-stacked .elementor-drop-cap{background-color:#69727d;color:#fff}.elementor-widget-text-editor.elementor-drop-cap-view-framed .elementor-drop-cap{color:#69727d;border:3px solid;background-color:transparent}.elementor-widget-text-editor:not(.elementor-drop-cap-view-default) .elementor-drop-cap{margin-top:8px}.elementor-widget-text-editor:not(.elementor-drop-cap-view-default) .elementor-drop-cap-letter{width:1em;height:1em}.elementor-widget-text-editor .elementor-drop-cap{float:left;text-align:center;line-height:1;font-size:50px}.elementor-widget-text-editor .elementor-drop-cap-letter{display:inline-block}<\/style>\t\t\t\t<p><a href=\"\/ch\/archive-news\/\">Cliquez ici pour plus de nouvelles.<\/a><\/p>\t\t\t\t\t\t<\/div>\n\t\t\t\t<\/div>\n\t\t\t\t\t<\/div>\n\t\t<\/div>\n\t\t\t\t\t\t\t<\/div>\n\t\t<\/section>\n\t\t\t\t<section class=\"elementor-section elementor-top-section elementor-element elementor-element-ab204b2 elementor-section-stretched elementor-section-boxed elementor-section-height-default elementor-section-height-default\" data-id=\"ab204b2\" data-element_type=\"section\" data-settings=\"{&quot;background_background&quot;:&quot;gradient&quot;,&quot;stretch_section&quot;:&quot;section-stretched&quot;}\">\n\t\t\t\t\t\t<div class=\"elementor-container elementor-column-gap-default\">\n\t\t\t\t\t<div class=\"elementor-column elementor-col-50 elementor-top-column elementor-element elementor-element-b14736c animated-slow elementor-invisible\" data-id=\"b14736c\" data-element_type=\"column\" data-settings=\"{&quot;animation&quot;:&quot;slideInLeft&quot;}\">\n\t\t\t<div class=\"elementor-widget-wrap elementor-element-populated\">\n\t\t\t\t\t\t\t\t<div class=\"elementor-element elementor-element-382fc84 elementor-widget elementor-widget-heading\" data-id=\"382fc84\" data-element_type=\"widget\" data-widget_type=\"heading.default\">\n\t\t\t\t<div class=\"elementor-widget-container\">\n\t\t\t<h2 class=\"elementor-heading-title elementor-size-default\">ABONNEMENT AU BULLETIN D'INFORMATION<\/h2>\t\t<\/div>\n\t\t\t\t<\/div>\n\t\t\t\t<div class=\"elementor-element elementor-element-b8e1fc6 elementor-widget elementor-widget-text-editor\" data-id=\"b8e1fc6\" data-element_type=\"widget\" data-widget_type=\"text-editor.default\">\n\t\t\t\t<div class=\"elementor-widget-container\">\n\t\t\t\t\t\t\t<p style=\"font-size: 18px; font-style: normal; font-weight: 400;\">L&#8217;\u00c9quipe sant\u00e9 Ontario Scarborough (\u00c9SOS) partage r\u00e9guli\u00e8rement des informations et des histoires sur notre travail visant \u00e0 fournir des services int\u00e9gr\u00e9s de sant\u00e9 et de soins communautaires \u00e0 la communaut\u00e9 diversifi\u00e9e des patients et des familles de Scarborough.<\/p>\n<p style=\"font-size: 18px; font-style: normal; font-weight: 400;\"><a style=\"color: #ffffff;\" href=\"\/ch\/archive-news\/\">Lisez les bulletins d&#8217;information de l&#8217;\u00c9quipe sant\u00e9 Ontario Scarborough<\/a>.<\/p>\n<p style=\"font-size: 18px; font-style: normal; font-weight: 400;\"><span style=\"font-style: inherit; font-weight: inherit; color: var( --e-global-color-text ); font-family: var( --e-global-typography-text-font-family ), Sans-serif;\"><div class=\"emaillist\" id=\"es_form_f2-n1\"><form action=\"\/ch\/wp-json\/wp\/v2\/pages\/16#es_form_f2-n1\" method=\"post\" class=\"es_subscription_form es_shortcode_form\" id=\"es_subscription_form_69d93e7894345\" data-source=\"ig-es\" data-form-id=\"2\" data-trp-original-action=\"\/ch\/wp-json\/wp\/v2\/pages\/16#es_form_f2-n1\"><div class=\"es-field-wrap\"><label>\u5168\u540d*<br \/><input type=\"text\" name=\"esfpx_name\" class=\"ig_es_form_field_name\" placeholder=\"Full Name\" value=\"\" required=\"required\" \/><\/label><\/div><div class=\"es-field-wrap\"><label>\u96fb\u90f5\u5730\u5740*<br \/><input class=\"es_required_field es_txt_email ig_es_form_field_email\" type=\"email\" name=\"esfpx_email\" value=\"\" placeholder=\"Email Address\" required=\"required\" \/><\/label><\/div><input type=\"hidden\" name=\"esfpx_lists[]\" value=\"4a4afe251ce6\" \/><input type=\"hidden\" name=\"esfpx_form_id\" value=\"2\" \/><input type=\"hidden\" name=\"es\" value=\"subscribe\" \/>\n\t\t\t<input type=\"hidden\" name=\"esfpx_es_form_identifier\" value=\"f2-n1\" \/>\n\t\t\t<input type=\"hidden\" name=\"esfpx_es_email_page\" value=\"2390\" \/>\n\t\t\t<input type=\"hidden\" name=\"esfpx_es_email_page_url\" value=\"https:\/\/fr.en.soht.ca\/ch\/blog\/2022\/06\/22\/chris-alappat\/\" \/>\n\t\t\t<input type=\"hidden\" name=\"esfpx_status\" value=\"Unconfirmed\" \/>\n\t\t\t<input type=\"hidden\" name=\"esfpx_es-subscribe\" id=\"es-subscribe-69d93e7894345\" value=\"a82dde36c9\" \/>\n\t\t\t<label style=\"position:absolute;top:-99999px;left:-99999px;z-index:-99;\" aria-hidden=\"true\"><span hidden>Please leave this field empty.<\/span><input type=\"email\" name=\"esfpx_es_hp_email\" class=\"es_required_field\" tabindex=\"-1\" autocomplete=\"-1\" value=\"\" \/><\/label><input type=\"submit\" name=\"submit\" class=\"es_subscription_form_submit es_submit_button es_textbox_button\" id=\"es_subscription_form_submit_69d93e7894345\" value=\"\u8a02\u95b1\" \/><span class=\"es_spinner_image\" id=\"spinner-image\"><img decoding=\"async\" src=\"https:\/\/fr.en.soht.ca\/wp-content\/plugins\/email-subscribers\/lite\/public\/images\/spinner.gif\" alt=\"Loading\" \/><\/span><input type=\"hidden\" name=\"trp-form-language\" value=\"ch\"\/><\/form><span class=\"es_subscription_message\" id=\"es_subscription_message_69d93e7894345\"><\/span><\/div><\/span><\/p>\t\t\t\t\t\t<\/div>\n\t\t\t\t<\/div>\n\t\t\t\t\t<\/div>\n\t\t<\/div>\n\t\t\t\t<div class=\"elementor-column elementor-col-50 elementor-top-column elementor-element elementor-element-d11b6ea\" data-id=\"d11b6ea\" data-element_type=\"column\">\n\t\t\t<div class=\"elementor-widget-wrap elementor-element-populated\">\n\t\t\t\t\t\t\t\t<div class=\"elementor-element elementor-element-ff66952 animated-slow elementor-invisible elementor-widget elementor-widget-image\" data-id=\"ff66952\" data-element_type=\"widget\" data-settings=\"{&quot;_animation&quot;:&quot;fadeIn&quot;}\" data-widget_type=\"image.default\">\n\t\t\t\t<div class=\"elementor-widget-container\">\n\t\t\t<style>\/*! elementor - v3.15.0 - 20-08-2023 *\/\n.elementor-widget-image{text-align:center}.elementor-widget-image a{display:inline-block}.elementor-widget-image a img[src$=\".svg\"]{width:48px}.elementor-widget-image img{vertical-align:middle;display:inline-block}<\/style>\t\t\t\t\t\t\t\t\t\t\t\t<img decoding=\"async\" src=\"https:\/\/fr.en.soht.ca\/wp-content\/uploads\/sites\/7\/2022\/08\/iStock-529327503.jpg\" title=\"News\" alt=\"News\" loading=\"lazy\" \/>\t\t\t\t\t\t\t\t\t\t\t\t\t\t\t<\/div>\n\t\t\t\t<\/div>\n\t\t\t\t\t<\/div>\n\t\t<\/div>\n\t\t\t\t\t\t\t<\/div>\n\t\t<\/section>\n\t\t\t\t\t\t\t<\/div>","protected":false},"excerpt":{"rendered":"<p>Nouvelles Farid Ahmad Rahmani Joins SOHT as Community Engagement Specialist Scarborough OHT\u2019s Rebranding! SOHT at Toronto Pride 2022 SOHT&#8217;s New Digital Health Lead: Chris Alappat Cliquez ici pour plus de nouvelles. ABONNEMENT AU BULLETIN D&#8217;INFORMATION L&#8217;\u00c9quipe sant\u00e9 Ontario Scarborough (\u00c9SOS) partage r\u00e9guli\u00e8rement des informations et des histoires sur notre travail visant \u00e0 fournir des services [&hellip;]<\/p>","protected":false},"author":1,"featured_media":3696,"parent":0,"menu_order":0,"comment_status":"closed","ping_status":"closed","template":"page-templates\/pagebuilder.php","meta":{"footnotes":""},"class_list":["post-16","page","type-page","status-publish","has-post-thumbnail","hentry"],"yoast_head":"<!-- This site is optimized with the Yoast SEO plugin v21.0 - https:\/\/yoast.com\/wordpress\/plugins\/seo\/ -->\n<title>Nouvelles - Scarborough Ontario Health Network - FR<\/title>\n<meta name=\"robots\" content=\"index, follow, max-snippet:-1, max-image-preview:large, max-video-preview:-1\" \/>\n<link rel=\"canonical\" href=\"https:\/\/fr.en.soht.ca\/ch\/news\/\" \/>\n<meta property=\"og:locale\" content=\"zh_HK\" \/>\n<meta property=\"og:type\" content=\"article\" \/>\n<meta property=\"og:title\" content=\"Nouvelles - Scarborough Ontario Health Network - FR\" \/>\n<meta property=\"og:description\" content=\"Nouvelles Farid Ahmad Rahmani Joins SOHT as Community Engagement Specialist Scarborough OHT\u2019s Rebranding! SOHT at Toronto Pride 2022 SOHT&#8217;s New Digital Health Lead: Chris Alappat Cliquez ici pour plus de nouvelles. ABONNEMENT AU BULLETIN D&#8217;INFORMATION L&#8217;\u00c9quipe sant\u00e9 Ontario Scarborough (\u00c9SOS) partage r\u00e9guli\u00e8rement des informations et des histoires sur notre travail visant \u00e0 fournir des services [&hellip;]\" \/>\n<meta property=\"og:url\" content=\"https:\/\/fr.en.soht.ca\/ch\/news\/\" \/>\n<meta property=\"og:site_name\" content=\"Scarborough Ontario Health Network - FR\" \/>\n<meta property=\"article:modified_time\" content=\"2022-10-19T04:51:42+00:00\" \/>\n<meta property=\"og:image\" content=\"https:\/\/fr.en.soht.ca\/wp-content\/uploads\/sites\/7\/2022\/08\/iStock-529327503.jpg\" \/>\n\t<meta property=\"og:image:width\" content=\"2121\" \/>\n\t<meta property=\"og:image:height\" content=\"1414\" \/>\n\t<meta property=\"og:image:type\" content=\"image\/jpeg\" \/>\n<meta name=\"twitter:card\" content=\"summary_large_image\" \/>\n<meta name=\"twitter:label1\" content=\"\u9810\u8a08\u95b1\u8b80\u6642\u9593\" \/>\n\t<meta name=\"twitter:data1\" content=\"2 \u5206\u9418\" \/>\n<script type=\"application\/ld+json\" class=\"yoast-schema-graph\">{\"@context\":\"https:\/\/schema.org\",\"@graph\":[{\"@type\":\"WebPage\",\"@id\":\"https:\/\/fr.en.soht.ca\/news\/\",\"url\":\"https:\/\/fr.en.soht.ca\/news\/\",\"name\":\"Nouvelles - Scarborough Ontario Health Network - FR\",\"isPartOf\":{\"@id\":\"https:\/\/fr.en.soht.ca\/#website\"},\"datePublished\":\"2018-09-13T08:23:04+00:00\",\"dateModified\":\"2022-10-19T04:51:42+00:00\",\"breadcrumb\":{\"@id\":\"https:\/\/fr.en.soht.ca\/news\/#breadcrumb\"},\"inLanguage\":\"zh-HK\",\"potentialAction\":[{\"@type\":\"ReadAction\",\"target\":[\"https:\/\/fr.en.soht.ca\/news\/\"]}]},{\"@type\":\"BreadcrumbList\",\"@id\":\"https:\/\/fr.en.soht.ca\/news\/#breadcrumb\",\"itemListElement\":[{\"@type\":\"ListItem\",\"position\":1,\"name\":\"Home\",\"item\":\"https:\/\/fr.en.soht.ca\/\"},{\"@type\":\"ListItem\",\"position\":2,\"name\":\"Nouvelles\"}]},{\"@type\":\"WebSite\",\"@id\":\"https:\/\/fr.en.soht.ca\/#website\",\"url\":\"https:\/\/fr.en.soht.ca\/\",\"name\":\"Scarborough Ontario Health Network - FR\",\"description\":\"\",\"publisher\":{\"@id\":\"https:\/\/fr.en.soht.ca\/#organization\"},\"potentialAction\":[{\"@type\":\"SearchAction\",\"target\":{\"@type\":\"EntryPoint\",\"urlTemplate\":\"https:\/\/fr.en.soht.ca\/?s={search_term_string}\"},\"query-input\":\"required name=search_term_string\"}],\"inLanguage\":\"zh-HK\"},{\"@type\":\"Organization\",\"@id\":\"https:\/\/fr.en.soht.ca\/#organization\",\"name\":\"Scarborough Ontario Health Network - FR\",\"url\":\"https:\/\/fr.en.soht.ca\/\",\"logo\":{\"@type\":\"ImageObject\",\"inLanguage\":\"zh-HK\",\"@id\":\"https:\/\/fr.en.soht.ca\/#\/schema\/logo\/image\/\",\"url\":\"https:\/\/fr.en.soht.ca\/wp-content\/uploads\/sites\/7\/2022\/08\/cropped-SOHT-Horizontal-Logo-RGB7percent-1.png\",\"contentUrl\":\"https:\/\/fr.en.soht.ca\/wp-content\/uploads\/sites\/7\/2022\/08\/cropped-SOHT-Horizontal-Logo-RGB7percent-1.png\",\"width\":3181,\"height\":1037,\"caption\":\"Scarborough Ontario Health Network - FR\"},\"image\":{\"@id\":\"https:\/\/fr.en.soht.ca\/#\/schema\/logo\/image\/\"}}]}<\/script>\n<!-- \/ Yoast SEO plugin. -->","yoast_head_json":{"title":"Nouvelles - Scarborough Ontario Health Network - FR","robots":{"index":"index","follow":"follow","max-snippet":"max-snippet:-1","max-image-preview":"max-image-preview:large","max-video-preview":"max-video-preview:-1"},"canonical":"https:\/\/fr.en.soht.ca\/ch\/news\/","og_locale":"zh_HK","og_type":"article","og_title":"Nouvelles - Scarborough Ontario Health Network - FR","og_description":"Nouvelles Farid Ahmad Rahmani Joins SOHT as Community Engagement Specialist Scarborough OHT\u2019s Rebranding! SOHT at Toronto Pride 2022 SOHT&#8217;s New Digital Health Lead: Chris Alappat Cliquez ici pour plus de nouvelles. ABONNEMENT AU BULLETIN D&#8217;INFORMATION L&#8217;\u00c9quipe sant\u00e9 Ontario Scarborough (\u00c9SOS) partage r\u00e9guli\u00e8rement des informations et des histoires sur notre travail visant \u00e0 fournir des services [&hellip;]","og_url":"https:\/\/fr.en.soht.ca\/ch\/news\/","og_site_name":"Scarborough Ontario Health Network - FR","article_modified_time":"2022-10-19T04:51:42+00:00","og_image":[{"width":2121,"height":1414,"url":"https:\/\/fr.en.soht.ca\/wp-content\/uploads\/sites\/7\/2022\/08\/iStock-529327503.jpg","type":"image\/jpeg"}],"twitter_card":"summary_large_image","twitter_misc":{"\u9810\u8a08\u95b1\u8b80\u6642\u9593":"2 \u5206\u9418"},"schema":{"@context":"https:\/\/schema.org","@graph":[{"@type":"WebPage","@id":"https:\/\/fr.en.soht.ca\/news\/","url":"https:\/\/fr.en.soht.ca\/news\/","name":"Nouvelles - Scarborough Ontario Health Network - FR","isPartOf":{"@id":"https:\/\/fr.en.soht.ca\/#website"},"datePublished":"2018-09-13T08:23:04+00:00","dateModified":"2022-10-19T04:51:42+00:00","breadcrumb":{"@id":"https:\/\/fr.en.soht.ca\/news\/#breadcrumb"},"inLanguage":"zh-HK","potentialAction":[{"@type":"ReadAction","target":["https:\/\/fr.en.soht.ca\/news\/"]}]},{"@type":"BreadcrumbList","@id":"https:\/\/fr.en.soht.ca\/news\/#breadcrumb","itemListElement":[{"@type":"ListItem","position":1,"name":"Home","item":"https:\/\/fr.en.soht.ca\/"},{"@type":"ListItem","position":2,"name":"Nouvelles"}]},{"@type":"WebSite","@id":"https:\/\/fr.en.soht.ca\/#website","url":"https:\/\/fr.en.soht.ca\/","name":"Scarborough Ontario Health Network - FR","description":"","publisher":{"@id":"https:\/\/fr.en.soht.ca\/#organization"},"potentialAction":[{"@type":"SearchAction","target":{"@type":"EntryPoint","urlTemplate":"https:\/\/fr.en.soht.ca\/?s={search_term_string}"},"query-input":"required name=search_term_string"}],"inLanguage":"zh-HK"},{"@type":"Organization","@id":"https:\/\/fr.en.soht.ca\/#organization","name":"Scarborough Ontario Health Network - FR","url":"https:\/\/fr.en.soht.ca\/","logo":{"@type":"ImageObject","inLanguage":"zh-HK","@id":"https:\/\/fr.en.soht.ca\/#\/schema\/logo\/image\/","url":"https:\/\/fr.en.soht.ca\/wp-content\/uploads\/sites\/7\/2022\/08\/cropped-SOHT-Horizontal-Logo-RGB7percent-1.png","contentUrl":"https:\/\/fr.en.soht.ca\/wp-content\/uploads\/sites\/7\/2022\/08\/cropped-SOHT-Horizontal-Logo-RGB7percent-1.png","width":3181,"height":1037,"caption":"Scarborough Ontario Health Network - FR"},"image":{"@id":"https:\/\/fr.en.soht.ca\/#\/schema\/logo\/image\/"}}]}},"post_mailing_queue_ids":[],"_links":{"self":[{"href":"https:\/\/fr.en.soht.ca\/ch\/wp-json\/wp\/v2\/pages\/16","targetHints":{"allow":["GET"]}}],"collection":[{"href":"https:\/\/fr.en.soht.ca\/ch\/wp-json\/wp\/v2\/pages"}],"about":[{"href":"https:\/\/fr.en.soht.ca\/ch\/wp-json\/wp\/v2\/types\/page"}],"author":[{"embeddable":true,"href":"https:\/\/fr.en.soht.ca\/ch\/wp-json\/wp\/v2\/users\/1"}],"replies":[{"embeddable":true,"href":"https:\/\/fr.en.soht.ca\/ch\/wp-json\/wp\/v2\/comments?post=16"}],"version-history":[{"count":164,"href":"https:\/\/fr.en.soht.ca\/ch\/wp-json\/wp\/v2\/pages\/16\/revisions"}],"predecessor-version":[{"id":4001,"href":"https:\/\/fr.en.soht.ca\/ch\/wp-json\/wp\/v2\/pages\/16\/revisions\/4001"}],"wp:featuredmedia":[{"embeddable":true,"href":"https:\/\/fr.en.soht.ca\/ch\/wp-json\/wp\/v2\/media\/3696"}],"wp:attachment":[{"href":"https:\/\/fr.en.soht.ca\/ch\/wp-json\/wp\/v2\/media?parent=16"}],"curies":[{"name":"wp","href":"https:\/\/api.w.org\/{rel}","templated":true}]}}